{"id":2093,"date":"2022-11-02T14:29:48","date_gmt":"2022-11-02T11:29:48","guid":{"rendered":"https:\/\/www.turkguven.com\/?page_id=2093"},"modified":"2022-11-02T14:29:48","modified_gmt":"2022-11-02T11:29:48","slug":"information-security","status":"publish","type":"page","link":"https:\/\/www.turkguven.com\/en\/hakkimizda\/information-security\/","title":{"rendered":"Bilgi G\u00fcvenli\u011fi Politikas\u0131"},"content":{"rendered":"<p>[vc_section full_width=&#8221;stretch_row&#8221; css=&#8221;.vc_custom_1591082408436{margin-top: 0px !important;margin-right: 0px !important;margin-bottom: 0px !important;margin-left: 0px !important;border-top-width: 0px !important;border-right-width: 0px !important;border-bottom-width: 0px !important;border-left-width: 0px !important;padding-top: 0px !important;padding-bottom: 0px !important;background-image: url(https:\/\/www.turkguven.com\/wp-content\/uploads\/2020\/06\/programmer-working-on-a-software.jpg?id=518) !important;background-position: center !important;background-repeat: no-repeat !important;background-size: cover !important;}&#8221;][vc_row full_width=&#8221;stretch_row&#8221; content_placement=&#8221;middle&#8221; css=&#8221;.vc_custom_1582697315518{margin-top: 0px !important;margin-right: 0px !important;margin-bottom: 0px !important;margin-left: 0px !important;padding-top: 150px !important;padding-bottom: 150px !important;background-image: url(https:\/\/www.turkguven.com\/wp-content\/uploads\/2020\/02\/overlay.png?id=164) !important;background-position: center !important;background-repeat: no-repeat !important;background-size: cover !important;}&#8221;][vc_column css=&#8221;.vc_custom_1580775177176{margin-top: 0px !important;margin-right: 0px !important;margin-bottom: 0px !important;margin-left: 0px !important;border-top-width: 0px !important;border-right-width: 0px !important;border-bottom-width: 0px !important;border-left-width: 0px !important;padding-top: 80px !important;padding-right: 0px !important;padding-bottom: 0px !important;padding-left: 0px !important;}&#8221; offset=&#8221;vc_hidden-sm vc_hidden-xs&#8221;][\/vc_column][vc_column css=&#8221;.vc_custom_1582379269717{margin-top: 0px !important;margin-right: 0px !important;margin-bottom: 0px !important;margin-left: 0px !important;padding-top: 0px !important;padding-right: 0px !important;padding-bottom: 0px !important;padding-left: 0px !important;}&#8221; offset=&#8221;vc_col-lg-12 vc_col-md-12 vc_col-xs-12&#8243;][vc_custom_heading source=&#8221;post_title&#8221; font_container=&#8221;tag:h2|font_size:50px|text_align:left|color:%23ffffff|line_height:1.2&#8243; use_theme_fonts=&#8221;yes&#8221; text_transform=&#8221;uppercase&#8221; letter_spacing=&#8221;1&#8243; custom_font_weight=&#8221;600&#8243; css=&#8221;.vc_custom_1584349423199{margin-top: 0px !important;margin-right: 0px !important;margin-bottom: 0px !important;margin-left: 0px !important;padding-top: 0px !important;padding-right: 0px !important;padding-bottom: 0px !important;padding-left: 0px !important;}&#8221;][\/vc_column][\/vc_row][\/vc_section][vc_section full_width=&#8221;stretch_row&#8221; css=&#8221;.vc_custom_1580752025276{margin-top: 0px !important;margin-right: 0px !important;margin-bottom: 0px !important;margin-left: 0px !important;border-top-width: 0px !important;border-right-width: 0px !important;border-bottom-width: 0px !important;border-left-width: 0px !important;padding-top: 0px !important;padding-bottom: 0px !important;background-color: #ffffff !important;}&#8221;][vc_row full_width=&#8221;stretch_row&#8221; gap=&#8221;20&#8243; css=&#8221;.vc_custom_1582697042109{margin-top: 0px !important;margin-right: 0px !important;margin-bottom: 0px !important;margin-left: 0px !important;border-top-width: 0px !important;border-right-width: 0px !important;border-bottom-width: 0px !important;border-left-width: 0px !important;padding-top: 80px !important;padding-bottom: 80px !important;background-color: rgba(92,103,114,0.05) !important;*background-color: rgb(92,103,114) !important;}&#8221;][vc_column css=&#8221;.vc_custom_1580752374787{margin: 0px !important;padding: 0px !important;border: 0px initial !important;}&#8221;][vc_custom_heading text=&#8221;Bilgi G\u00fcvenli\u011fi Politikas\u0131&#8221; font_container=&#8221;tag:h2|font_size:30px|text_align:center|color:%23ee2514|line_height:1.2&#8243; use_theme_fonts=&#8221;yes&#8221; letter_spacing=&#8221;1&#8243; custom_font_weight=&#8221;600&#8243; css=&#8221;.vc_custom_1667387850780{margin-top: 0px !important;margin-right: 0px !important;margin-bottom: 0px !important;margin-left: 0px !important;padding-top: 0px !important;padding-right: 0px !important;padding-bottom: 0px !important;padding-left: 0px !important;}&#8221;][vc_column_text css=&#8221;.vc_custom_1667387816966{margin-top: 0px !important;margin-right: 0px !important;margin-bottom: 0px !important;margin-left: 0px !important;padding-top: 50px !important;padding-right: 0px !important;padding-bottom: 0px !important;padding-left: 0px !important;}&#8221; text_color=&#8221;rgba(0,0,0,0.8)&#8221; font_size=&#8221;18&#8243; line_height=&#8221;27&#8243; el_class=&#8221;justify&#8221;]\u0130\u015f g\u00fcvenli\u011fi ve i\u015f sa\u011fl\u0131\u011f\u0131na servis tabanl\u0131 yakla\u015f\u0131m ile kurumsal i\u015f g\u00fcvenli\u011fi sorunlar\u0131n\u0131z\u0131n \u00e7\u00f6z\u00fcm\u00fcne odaklanan T\u00fcrkg\u00fcven Yaz\u0131l\u0131m verdi\u011fi hizmet kapsam\u0131nda bulunan veri g\u00fcvenli\u011fini en \u00fcst d\u00fczeyde \u00f6nemsemektedir.<\/p>\n<p>Bu ama\u00e7la :<\/p>\n<ul>\n<li>\u00c7al\u0131\u015fanlar\u0131m\u0131z\u0131n kat\u0131l\u0131m\u0131 ile ISO 27001 Bilgi G\u00fcvenli\u011fi Y\u00f6netim Sistemini s\u00fcrekli iyile\u015ftirmeyi<\/li>\n<li>Bilgi G\u00fcvenli\u011fi risklerimiz belirleyerek risklerimiz i\u00e7in aksiyon almay\u0131<\/li>\n<li>Bilgi g\u00fcvenli\u011fi varl\u0131klar\u0131m\u0131z\u0131 korumay\u0131<\/li>\n<li>\u0130\u015f s\u00fcreklili\u011fi kapsam\u0131nda m\u00fc\u015fterilerimize kesintisiz hizmet vermeyi<\/li>\n<li>Bilgi G\u00fcvenli\u011fi yasa ve y\u00f6netmeliklerine tam olarak uymay\u0131<\/li>\n<li>Bilgi G\u00fcvenli\u011fi \u0130hlal olaylar\u0131n\u0131 \u00f6nlemeyi<\/li>\n<\/ul>\n<p>Ama\u00e7 olarak edinmi\u015f bulunmaktay\u0131z.[\/vc_column_text][\/vc_column][\/vc_row][\/vc_section]<\/p>","protected":false},"excerpt":{"rendered":"<p>[vc_section full_width=&#8221;stretch_row&#8221; css=&#8221;.vc_custom_1591082408436{margin-top: 0px !important;margin-right: 0px !important;margin-bottom: 0px !important;margin-left: 0px !important;border-top-width: 0px !important;border-right-width: 0px !important;border-bottom-width: 0px !important;border-left-width: 0px !important;padding-top: 0px !important;padding-bottom: 0px !important;background-image: url(https:\/\/www.turkguven.com\/wp-content\/uploads\/2020\/06\/programmer-working-on-a-software.jpg?id=518) !important;background-position: center !important;background-repeat: no-repeat !important;background-size: cover !important;}&#8221;][vc_row full_width=&#8221;stretch_row&#8221; content_placement=&#8221;middle&#8221; css=&#8221;.vc_custom_1582697315518{margin-top: 0px !important;margin-right: 0px !important;margin-bottom: 0px !important;margin-left: 0px !important;padding-top: 150px !important;padding-bottom: 150px !important;background-image: url(https:\/\/www.turkguven.com\/wp-content\/uploads\/2020\/02\/overlay.png?id=164) !important;background-position: center !important;background-repeat: no-repeat !important;background-size: cover !important;}&#8221;][vc_column css=&#8221;.vc_custom_1580775177176{margin-top: [&hellip;]<\/p>\n","protected":false},"author":1,"featured_media":0,"parent":237,"menu_order":0,"comment_status":"closed","ping_status":"closed","template":"template-homepage.php","meta":[],"yoast_head":"<!-- This site is optimized with the Yoast SEO plugin v17.6 - https:\/\/yoast.com\/wordpress\/plugins\/seo\/ -->\n<title>Bilgi G\u00fcvenli\u011fi Politikas\u0131 - PERFEKTIVE<\/title>\n<meta name=\"description\" content=\"Sitemizde, isteyerek vermedi\u011finiz takdirde, hakk\u0131n\u0131zda ki\u015fiyi tan\u0131mlayan bilgiler toplanmayacakt\u0131r. \u00d6rn. isim, adres, telefon numaras\u0131, ya da e-posta adresi.\" \/>\n<meta name=\"robots\" content=\"index, follow, max-snippet:-1, max-image-preview:large, max-video-preview:-1\" \/>\n<link rel=\"canonical\" href=\"https:\/\/www.turkguven.com\/hakkimizda\/information-security\/\" \/>\n<meta property=\"og:locale\" content=\"en_US\" \/>\n<meta property=\"og:type\" content=\"article\" \/>\n<meta property=\"og:title\" content=\"Bilgi G\u00fcvenli\u011fi Politikas\u0131 - PERFEKTIVE\" \/>\n<meta property=\"og:description\" content=\"Sitemizde, isteyerek vermedi\u011finiz takdirde, hakk\u0131n\u0131zda ki\u015fiyi tan\u0131mlayan bilgiler toplanmayacakt\u0131r. \u00d6rn. isim, adres, telefon numaras\u0131, ya da e-posta adresi.\" \/>\n<meta property=\"og:url\" content=\"https:\/\/www.turkguven.com\/hakkimizda\/information-security\/\" \/>\n<meta property=\"og:site_name\" content=\"PERFEKTIVE\" \/>\n<meta property=\"article:publisher\" content=\"https:\/\/www.facebook.com\/turkguvenisg\/\" \/>\n<meta name=\"twitter:card\" content=\"summary_large_image\" \/>\n<meta name=\"twitter:site\" content=\"@TurkguvenA\" \/>\n<meta name=\"twitter:label1\" content=\"Est. reading time\" \/>\n\t<meta name=\"twitter:data1\" content=\"2 minutes\" \/>\n<script type=\"application\/ld+json\" class=\"yoast-schema-graph\">{\"@context\":\"https:\/\/schema.org\",\"@graph\":[{\"@type\":\"Organization\",\"@id\":\"https:\/\/www.turkguven.com\/#organization\",\"name\":\"T\\u00dcRKG\\u00dcVEN\",\"url\":\"https:\/\/www.turkguven.com\/\",\"sameAs\":[\"https:\/\/www.facebook.com\/turkguvenisg\/\",\"https:\/\/www.instagram.com\/turkguvenas\/\",\"https:\/\/www.linkedin.com\/company\/t\\u00fcrkg\\u00fcven-yaz\\u0131l\\u0131m-teknolojileri\/\",\"https:\/\/www.youtube.com\/c\/T\\u00fcrkg\\u00fcvenYaz\\u0131l\\u0131mTeknolojileriA\\u015e\",\"https:\/\/twitter.com\/TurkguvenA\"],\"logo\":{\"@type\":\"ImageObject\",\"@id\":\"https:\/\/www.turkguven.com\/#logo\",\"inLanguage\":\"en-US\",\"url\":\"https:\/\/www.turkguven.com\/wp-content\/uploads\/2020\/01\/tgicon.png\",\"contentUrl\":\"https:\/\/www.turkguven.com\/wp-content\/uploads\/2020\/01\/tgicon.png\",\"width\":128,\"height\":128,\"caption\":\"T\\u00dcRKG\\u00dcVEN\"},\"image\":{\"@id\":\"https:\/\/www.turkguven.com\/#logo\"}},{\"@type\":\"WebSite\",\"@id\":\"https:\/\/www.turkguven.com\/#website\",\"url\":\"https:\/\/www.turkguven.com\/\",\"name\":\"T\\u00dcRKG\\u00dcVEN\",\"description\":\"Occupational Health and Safety Software\",\"publisher\":{\"@id\":\"https:\/\/www.turkguven.com\/#organization\"},\"potentialAction\":[{\"@type\":\"SearchAction\",\"target\":{\"@type\":\"EntryPoint\",\"urlTemplate\":\"https:\/\/www.turkguven.com\/?s={search_term_string}\"},\"query-input\":\"required name=search_term_string\"}],\"inLanguage\":\"en-US\"},{\"@type\":\"WebPage\",\"@id\":\"https:\/\/www.turkguven.com\/hakkimizda\/information-security\/#webpage\",\"url\":\"https:\/\/www.turkguven.com\/hakkimizda\/information-security\/\",\"name\":\"Bilgi G\\u00fcvenli\\u011fi Politikas\\u0131 - PERFEKTIVE\",\"isPartOf\":{\"@id\":\"https:\/\/www.turkguven.com\/#website\"},\"datePublished\":\"2022-11-02T11:29:48+00:00\",\"dateModified\":\"2022-11-02T11:29:48+00:00\",\"description\":\"Sitemizde, isteyerek vermedi\\u011finiz takdirde, hakk\\u0131n\\u0131zda ki\\u015fiyi tan\\u0131mlayan bilgiler toplanmayacakt\\u0131r. \\u00d6rn. isim, adres, telefon numaras\\u0131, ya da e-posta adresi.\",\"breadcrumb\":{\"@id\":\"https:\/\/www.turkguven.com\/hakkimizda\/information-security\/#breadcrumb\"},\"inLanguage\":\"en-US\",\"potentialAction\":[{\"@type\":\"ReadAction\",\"target\":[\"https:\/\/www.turkguven.com\/hakkimizda\/information-security\/\"]}]},{\"@type\":\"BreadcrumbList\",\"@id\":\"https:\/\/www.turkguven.com\/hakkimizda\/information-security\/#breadcrumb\",\"itemListElement\":[{\"@type\":\"ListItem\",\"position\":1,\"name\":\"Home\",\"item\":\"https:\/\/www.turkguven.com\/\"},{\"@type\":\"ListItem\",\"position\":2,\"name\":\"About\",\"item\":\"https:\/\/www.turkguven.com\/en\/hakkimizda\/\"},{\"@type\":\"ListItem\",\"position\":3,\"name\":\"Bilgi G\\u00fcvenli\\u011fi Politikas\\u0131\"}]}]}<\/script>\n<!-- \/ Yoast SEO plugin. -->","yoast_head_json":{"title":"Bilgi G\u00fcvenli\u011fi Politikas\u0131 - PERFEKTIVE","description":"Sitemizde, isteyerek vermedi\u011finiz takdirde, hakk\u0131n\u0131zda ki\u015fiyi tan\u0131mlayan bilgiler toplanmayacakt\u0131r. \u00d6rn. isim, adres, telefon numaras\u0131, ya da e-posta adresi.","robots":{"index":"index","follow":"follow","max-snippet":"max-snippet:-1","max-image-preview":"max-image-preview:large","max-video-preview":"max-video-preview:-1"},"canonical":"https:\/\/www.turkguven.com\/hakkimizda\/information-security\/","og_locale":"en_US","og_type":"article","og_title":"Bilgi G\u00fcvenli\u011fi Politikas\u0131 - PERFEKTIVE","og_description":"Sitemizde, isteyerek vermedi\u011finiz takdirde, hakk\u0131n\u0131zda ki\u015fiyi tan\u0131mlayan bilgiler toplanmayacakt\u0131r. \u00d6rn. isim, adres, telefon numaras\u0131, ya da e-posta adresi.","og_url":"https:\/\/www.turkguven.com\/hakkimizda\/information-security\/","og_site_name":"PERFEKTIVE","article_publisher":"https:\/\/www.facebook.com\/turkguvenisg\/","twitter_card":"summary_large_image","twitter_site":"@TurkguvenA","twitter_misc":{"Est. reading time":"2 minutes"},"schema":{"@context":"https:\/\/schema.org","@graph":[{"@type":"Organization","@id":"https:\/\/www.turkguven.com\/#organization","name":"T\u00dcRKG\u00dcVEN","url":"https:\/\/www.turkguven.com\/","sameAs":["https:\/\/www.facebook.com\/turkguvenisg\/","https:\/\/www.instagram.com\/turkguvenas\/","https:\/\/www.linkedin.com\/company\/t\u00fcrkg\u00fcven-yaz\u0131l\u0131m-teknolojileri\/","https:\/\/www.youtube.com\/c\/T\u00fcrkg\u00fcvenYaz\u0131l\u0131mTeknolojileriA\u015e","https:\/\/twitter.com\/TurkguvenA"],"logo":{"@type":"ImageObject","@id":"https:\/\/www.turkguven.com\/#logo","inLanguage":"en-US","url":"https:\/\/www.turkguven.com\/wp-content\/uploads\/2020\/01\/tgicon.png","contentUrl":"https:\/\/www.turkguven.com\/wp-content\/uploads\/2020\/01\/tgicon.png","width":128,"height":128,"caption":"T\u00dcRKG\u00dcVEN"},"image":{"@id":"https:\/\/www.turkguven.com\/#logo"}},{"@type":"WebSite","@id":"https:\/\/www.turkguven.com\/#website","url":"https:\/\/www.turkguven.com\/","name":"T\u00dcRKG\u00dcVEN","description":"Occupational Health and Safety Software","publisher":{"@id":"https:\/\/www.turkguven.com\/#organization"},"potentialAction":[{"@type":"SearchAction","target":{"@type":"EntryPoint","urlTemplate":"https:\/\/www.turkguven.com\/?s={search_term_string}"},"query-input":"required name=search_term_string"}],"inLanguage":"en-US"},{"@type":"WebPage","@id":"https:\/\/www.turkguven.com\/hakkimizda\/information-security\/#webpage","url":"https:\/\/www.turkguven.com\/hakkimizda\/information-security\/","name":"Bilgi G\u00fcvenli\u011fi Politikas\u0131 - PERFEKTIVE","isPartOf":{"@id":"https:\/\/www.turkguven.com\/#website"},"datePublished":"2022-11-02T11:29:48+00:00","dateModified":"2022-11-02T11:29:48+00:00","description":"Sitemizde, isteyerek vermedi\u011finiz takdirde, hakk\u0131n\u0131zda ki\u015fiyi tan\u0131mlayan bilgiler toplanmayacakt\u0131r. \u00d6rn. isim, adres, telefon numaras\u0131, ya da e-posta adresi.","breadcrumb":{"@id":"https:\/\/www.turkguven.com\/hakkimizda\/information-security\/#breadcrumb"},"inLanguage":"en-US","potentialAction":[{"@type":"ReadAction","target":["https:\/\/www.turkguven.com\/hakkimizda\/information-security\/"]}]},{"@type":"BreadcrumbList","@id":"https:\/\/www.turkguven.com\/hakkimizda\/information-security\/#breadcrumb","itemListElement":[{"@type":"ListItem","position":1,"name":"Home","item":"https:\/\/www.turkguven.com\/"},{"@type":"ListItem","position":2,"name":"About","item":"https:\/\/www.turkguven.com\/en\/hakkimizda\/"},{"@type":"ListItem","position":3,"name":"Bilgi G\u00fcvenli\u011fi Politikas\u0131"}]}]}},"_links":{"self":[{"href":"https:\/\/www.turkguven.com\/en\/wp-json\/wp\/v2\/pages\/2093"}],"collection":[{"href":"https:\/\/www.turkguven.com\/en\/wp-json\/wp\/v2\/pages"}],"about":[{"href":"https:\/\/www.turkguven.com\/en\/wp-json\/wp\/v2\/types\/page"}],"author":[{"embeddable":true,"href":"https:\/\/www.turkguven.com\/en\/wp-json\/wp\/v2\/users\/1"}],"replies":[{"embeddable":true,"href":"https:\/\/www.turkguven.com\/en\/wp-json\/wp\/v2\/comments?post=2093"}],"version-history":[{"count":7,"href":"https:\/\/www.turkguven.com\/en\/wp-json\/wp\/v2\/pages\/2093\/revisions"}],"predecessor-version":[{"id":2100,"href":"https:\/\/www.turkguven.com\/en\/wp-json\/wp\/v2\/pages\/2093\/revisions\/2100"}],"up":[{"embeddable":true,"href":"https:\/\/www.turkguven.com\/en\/wp-json\/wp\/v2\/pages\/237"}],"wp:attachment":[{"href":"https:\/\/www.turkguven.com\/en\/wp-json\/wp\/v2\/media?parent=2093"}],"curies":[{"name":"wp","href":"https:\/\/api.w.org\/{rel}","templated":true}]}}