{"id":237,"date":"2020-02-22T15:04:38","date_gmt":"2020-02-22T15:04:38","guid":{"rendered":"https:\/\/cyhn.net\/demo\/turkguven\/?page_id=237"},"modified":"2020-07-10T14:22:49","modified_gmt":"2020-07-10T11:22:49","slug":"hakkimizda","status":"publish","type":"page","link":"https:\/\/www.turkguven.com\/en\/hakkimizda\/","title":{"rendered":"About"},"content":{"rendered":"<p>[vc_section full_width=&#8221;stretch_row&#8221; full_height=&#8221;yes&#8221; css=&#8221;.vc_custom_1584210369214{margin-top: 0px !important;margin-right: 0px !important;margin-bottom: 0px !important;margin-left: 0px !important;border-top-width: 0px !important;border-right-width: 0px !important;border-bottom-width: 0px !important;border-left-width: 0px !important;padding-top: 0px !important;padding-bottom: 0px !important;background-image: url(https:\/\/www.turkguven.com\/wp-content\/uploads\/2020\/03\/safety-harness-absorbing-lanyard-QA5YLBR.jpg?id=337) !important;background-position: center !important;background-repeat: no-repeat !important;background-size: cover !important;}&#8221;][vc_row full_width=&#8221;stretch_row&#8221; full_height=&#8221;yes&#8221; content_placement=&#8221;middle&#8221; css=&#8221;.vc_custom_1580751240679{margin-top: 0px !important;margin-right: 0px !important;margin-bottom: 0px !important;margin-left: 0px !important;padding-top: 0px !important;padding-bottom: 0px !important;background-image: url(https:\/\/www.turkguven.com\/wp-content\/uploads\/2020\/02\/overlay.png?id=164) !important;background-position: center !important;background-repeat: no-repeat !important;background-size: cover !important;}&#8221;][vc_column css=&#8221;.vc_custom_1580775177176{margin-top: 0px !important;margin-right: 0px !important;margin-bottom: 0px !important;margin-left: 0px !important;border-top-width: 0px !important;border-right-width: 0px !important;border-bottom-width: 0px !important;border-left-width: 0px !important;padding-top: 80px !important;padding-right: 0px !important;padding-bottom: 0px !important;padding-left: 0px !important;}&#8221; offset=&#8221;vc_hidden-sm vc_hidden-xs&#8221;][\/vc_column][vc_column width=&#8221;2\/3&#8243; css=&#8221;.vc_custom_1582384169847{margin-top: 0px !important;margin-right: 0px !important;margin-bottom: 0px !important;margin-left: 0px !important;padding-top: 0px !important;padding-right: 0px !important;padding-bottom: 0px !important;padding-left: 0px !important;}&#8221; offset=&#8221;vc_col-lg-offset-6 vc_col-lg-6 vc_col-md-offset-5 vc_col-md-7 vc_col-sm-offset-4 vc_col-xs-12&#8243;][vc_custom_heading text=&#8221;About Us&#8221; font_container=&#8221;tag:h2|font_size:32px|text_align:right|color:%23ffffff|line_height:1.3&#8243; use_theme_fonts=&#8221;yes&#8221; letter_spacing=&#8221;1&#8243; custom_font_weight=&#8221;600&#8243; css=&#8221;.vc_custom_1592489164090{margin-top: 0px !important;margin-right: 0px !important;margin-bottom: 0px !important;margin-left: 0px !important;padding-top: 0px !important;padding-right: 0px !important;padding-bottom: 0px !important;padding-left: 0px !important;}&#8221;][vc_custom_heading text=&#8221;Turkguven is a software company focused on occupational health and safety. The aim of the company is to support professionals to perform their jobs effectively by providing them with the necessary technological support.&#8221; font_container=&#8221;tag:p|font_size:20px|text_align:right|color:%23ffffff|line_height:1.4&#8243; use_theme_fonts=&#8221;yes&#8221; letter_spacing=&#8221;1&#8243; css=&#8221;.vc_custom_1593073085036{margin-top: 20px !important;margin-right: 0px !important;margin-bottom: 20px !important;margin-left: 0px !important;padding-top: 0px !important;padding-right: 0px !important;padding-bottom: 0px !important;padding-left: 0px !important;}&#8221;][vc_btn title=&#8221;Why Perfektive?&#8221; style=&#8221;outline-custom&#8221; outline_custom_color=&#8221;#ffffff&#8221; outline_custom_hover_background=&#8221;#ee2514&#8243; outline_custom_hover_text=&#8221;#ffffff&#8221; align=&#8221;right&#8221; link=&#8221;url:%23scroll-banner-section|||&#8221; css=&#8221;.vc_custom_1594124342332{margin-top: 5px !important;margin-right: 5px !important;margin-bottom: 5px !important;margin-left: 0px !important;padding-top: 0px !important;padding-right: 0px !important;padding-bottom: 0px !important;padding-left: 0px !important;}&#8221;][\/vc_column][\/vc_row][\/vc_section][vc_section full_width=&#8221;stretch_row_content&#8221; css=&#8221;.vc_custom_1593969901909{margin-top: 0px !important;margin-right: 0px !important;margin-bottom: 0px !important;margin-left: 0px !important;padding-top: 0px !important;padding-right: 0px !important;padding-bottom: 0px !important;padding-left: 0px !important;}&#8221; el_id=&#8221;scroll-banner-section&#8221;][vc_row full_width=&#8221;stretch_row_content_no_spaces&#8221; equal_height=&#8221;yes&#8221; content_placement=&#8221;middle&#8221; css=&#8221;.vc_custom_1580756220384{margin-top: 0px !important;margin-right: 0px !important;margin-bottom: 0px !important;margin-left: 0px !important;padding-top: 0px !important;padding-right: 0px !important;padding-bottom: 0px !important;padding-left: 0px !important;background-color: #ffffff !important;}&#8221;][vc_column parallax=&#8221;content-moving&#8221; parallax_image=&#8221;167&#8243; width=&#8221;1\/3&#8243; css=&#8221;.vc_custom_1580775711309{margin-top: 0px !important;margin-right: 0px !important;margin-bottom: 0px !important;margin-left: 0px !important;padding-top: 0px !important;padding-right: 0px !important;padding-bottom: 0px !important;padding-left: 0px !important;}&#8221; offset=&#8221;vc_col-lg-6 vc_col-md-6 vc_hidden-xs&#8221;][\/vc_column][vc_column width=&#8221;2\/3&#8243; css=&#8221;.vc_custom_1582384193021{margin-top: 0px !important;margin-right: 0px !important;margin-bottom: 0px !important;margin-left: 0px !important;padding-top: 25% !important;padding-right: 15% !important;padding-bottom: 25% !important;padding-left: 15% !important;background-color: rgba(94,104,116,0.1) !important;*background-color: rgb(94,104,116) !important;}&#8221; offset=&#8221;vc_col-lg-6 vc_col-md-6&#8243;][vc_column_text letter_spacing=&#8221;1&#8243; css=&#8221;.vc_custom_1594124415465{margin-top: 0px !important;margin-right: 0px !important;margin-bottom: 0px !important;margin-left: 0px !important;padding-top: 0px !important;padding-right: 0px !important;padding-bottom: 0px !important;padding-left: 0px !important;}&#8221; text_color=&#8221;rgba(0,0,0,0.8)&#8221; font_size=&#8221;24&#8243; line_height=&#8221;36&#8243; el_class=&#8221;justify&#8221;]T\u00fcrkg\u00fcven focuses on the solution of occupational health and safety problems in the workplaces with its Service as a Software (SAAS) software: Perfektive.[\/vc_column_text][\/vc_column][\/vc_row][\/vc_section][vc_section full_width=&#8221;stretch_row_content&#8221; css=&#8221;.vc_custom_1580753125671{margin: 0px !important;padding: 0px !important;border: 0px initial !important;}&#8221;][vc_row full_width=&#8221;stretch_row_content_no_spaces&#8221; equal_height=&#8221;yes&#8221; content_placement=&#8221;middle&#8221; css=&#8221;.vc_custom_1580756236241{margin-top: 0px !important;margin-right: 0px !important;margin-bottom: 0px !important;margin-left: 0px !important;padding-top: 0px !important;padding-right: 0px !important;padding-bottom: 0px !important;padding-left: 0px !important;background-color: #ffffff !important;}&#8221;][vc_column width=&#8221;2\/3&#8243; css=&#8221;.vc_custom_1582384201595{margin-top: 0px !important;margin-right: 0px !important;margin-bottom: 0px !important;margin-left: 0px !important;padding-top: 25% !important;padding-right: 15% !important;padding-bottom: 25% !important;padding-left: 15% !important;background-color: rgba(94,104,116,0.1) !important;*background-color: rgb(94,104,116) !important;}&#8221; offset=&#8221;vc_col-lg-6 vc_col-md-6&#8243;][vc_column_text letter_spacing=&#8221;1&#8243; css=&#8221;.vc_custom_1594124422603{margin-top: 0px !important;margin-right: 0px !important;margin-bottom: 0px !important;margin-left: 0px !important;padding-top: 0px !important;padding-right: 0px !important;padding-bottom: 0px !important;padding-left: 0px !important;}&#8221; text_color=&#8221;rgba(0,0,0,0.8)&#8221; font_size=&#8221;24&#8243; line_height=&#8221;36&#8243; el_class=&#8221;justify&#8221;]Perfektive centralizes occupational health and safety data and support professionals to develop pro-active approaches. Thanks to its modules, it offers solutions in managing various occupational health and safety processes effectively.[\/vc_column_text][\/vc_column][vc_column parallax=&#8221;content-moving&#8221; parallax_image=&#8221;165&#8243; width=&#8221;1\/3&#8243; css=&#8221;.vc_custom_1580775677410{margin-top: 0px !important;margin-right: 0px !important;margin-bottom: 0px !important;margin-left: 0px !important;padding-top: 0px !important;padding-right: 0px !important;padding-bottom: 0px !important;padding-left: 0px !important;}&#8221; offset=&#8221;vc_col-lg-6 vc_col-md-6 vc_hidden-xs&#8221;][\/vc_column][\/vc_row][\/vc_section][vc_section full_width=&#8221;stretch_row_content&#8221; parallax=&#8221;content-moving&#8221; parallax_image=&#8221;166&#8243; css=&#8221;.vc_custom_1580775724200{margin-top: 0px !important;margin-right: 0px !important;margin-bottom: 0px !important;margin-left: 0px !important;padding-top: 0px !important;padding-right: 0px !important;padding-bottom: 0px !important;padding-left: 0px !important;}&#8221;][vc_row full_width=&#8221;stretch_row&#8221; equal_height=&#8221;yes&#8221; content_placement=&#8221;middle&#8221; css=&#8221;.vc_custom_1580756815393{margin-top: 0px !important;margin-right: 0px !important;margin-bottom: 0px !important;margin-left: 0px !important;padding-top: 0px !important;padding-bottom: 0px !important;background-color: rgba(0,0,0,0.7) !important;*background-color: rgb(0,0,0) !important;}&#8221;][vc_column css=&#8221;.vc_custom_1580756637928{margin: 0px !important;padding: 15% !important;}&#8221;][vc_column_text letter_spacing=&#8221;1&#8243; css=&#8221;.vc_custom_1592569512205{margin-top: 0px !important;margin-right: 0px !important;margin-bottom: 30px !important;margin-left: 0px !important;padding-top: 0px !important;padding-right: 0px !important;padding-bottom: 0px !important;padding-left: 0px !important;}&#8221; text_color=&#8221;rgba(255,255,255,0.8)&#8221; font_size=&#8221;32&#8243; line_height=&#8221;48&#8243;]<\/p>\n<p style=\"text-align: center;\">Perfektive fully adopts to the infrastructure of your company and behaves like a software specially developed for you, which can be modelled according to your way of doing business.<\/p>\n<p>[\/vc_column_text][vc_row_inner gap=&#8221;35&#8243; el_class=&#8221;numbers_white&#8221;][vc_column_inner width=&#8221;1\/4&#8243; css=&#8221;.vc_custom_1581948982666{margin-top: 0px !important;margin-right: 0px !important;margin-bottom: 0px !important;margin-left: 0px !important;padding-top: 5% !important;padding-right: 5% !important;padding-bottom: 5% !important;padding-left: 5% !important;}&#8221; offset=&#8221;vc_col-sm-offset-2 vc_col-xs-6&#8243;][vc_pie value=&#8221;100&#8243; label_value=&#8221;200+&#8221; color=&#8221;juicy-pink&#8221; units=&#8221;+&#8221; css=&#8221;.vc_custom_1592489189746{margin-top: 0px !important;margin-right: 0px !important;margin-bottom: 0px !important;margin-left: 0px !important;padding-top: 0px !important;padding-right: 0px !important;padding-bottom: 0px !important;padding-left: 0px !important;}&#8221; title=&#8221;Customers&#8221;][\/vc_column_inner][vc_column_inner width=&#8221;1\/4&#8243;][vc_pie value=&#8221;100&#8243; label_value=&#8221;1,5K&#8221; color=&#8221;juicy-pink&#8221; units=&#8221;+&#8221; css=&#8221;.vc_custom_1592489184889{margin-top: 0px !important;margin-right: 0px !important;margin-bottom: 0px !important;margin-left: 0px !important;padding-top: 0px !important;padding-right: 0px !important;padding-bottom: 0px !important;padding-left: 0px !important;}&#8221; title=&#8221;Users&#8221;][\/vc_column_inner][vc_column_inner width=&#8221;1\/4&#8243;][vc_pie value=&#8221;100&#8243; label_value=&#8221;600K&#8221; color=&#8221;juicy-pink&#8221; units=&#8221;+&#8221; css=&#8221;.vc_custom_1592489179766{margin-top: 0px !important;margin-right: 0px !important;margin-bottom: 0px !important;margin-left: 0px !important;padding-top: 0px !important;padding-right: 0px !important;padding-bottom: 0px !important;padding-left: 0px !important;}&#8221; title=&#8221;Employees served&#8221;][\/vc_column_inner][\/vc_row_inner][\/vc_column][\/vc_row][\/vc_section]<\/p>","protected":false},"excerpt":{"rendered":"<p>[vc_section full_width=&#8221;stretch_row&#8221; full_height=&#8221;yes&#8221; css=&#8221;.vc_custom_1584210369214{margin-top: 0px !important;margin-right: 0px !important;margin-bottom: 0px !important;margin-left: 0px !important;border-top-width: 0px !important;border-right-width: 0px !important;border-bottom-width: 0px !important;border-left-width: 0px !important;padding-top: 0px !important;padding-bottom: 0px !important;background-image: url(https:\/\/www.turkguven.com\/wp-content\/uploads\/2020\/03\/safety-harness-absorbing-lanyard-QA5YLBR.jpg?id=337) !important;background-position: center !important;background-repeat: no-repeat !important;background-size: cover !important;}&#8221;][vc_row full_width=&#8221;stretch_row&#8221; full_height=&#8221;yes&#8221; content_placement=&#8221;middle&#8221; css=&#8221;.vc_custom_1580751240679{margin-top: 0px !important;margin-right: 0px !important;margin-bottom: 0px !important;margin-left: 0px !important;padding-top: 0px !important;padding-bottom: 0px !important;background-image: url(https:\/\/www.turkguven.com\/wp-content\/uploads\/2020\/02\/overlay.png?id=164) !important;background-position: center !important;background-repeat: no-repeat !important;background-size: cover [&hellip;]<\/p>\n","protected":false},"author":1,"featured_media":0,"parent":0,"menu_order":0,"comment_status":"closed","ping_status":"closed","template":"template-homepage.php","meta":[],"yoast_head":"<!-- This site is optimized with the Yoast SEO plugin v17.6 - https:\/\/yoast.com\/wordpress\/plugins\/seo\/ -->\n<title>About - PERFEKTIVE<\/title>\n<meta name=\"description\" content=\"T\u00fcrkg\u00fcven, i\u015f sa\u011fl\u0131\u011f\u0131 ve g\u00fcvenli\u011fi alan\u0131na odaklanm\u0131\u015f bir teknoloji firmas\u0131d\u0131r. Firmalar\u0131n ihtiya\u00e7 duyduklar\u0131 gerekli teknolojik deste\u011fi sa\u011flar.\" \/>\n<meta name=\"robots\" content=\"index, follow, max-snippet:-1, max-image-preview:large, max-video-preview:-1\" \/>\n<link rel=\"canonical\" href=\"https:\/\/www.turkguven.com\/en\/hakkimizda\/\" \/>\n<meta property=\"og:locale\" content=\"en_US\" \/>\n<meta property=\"og:type\" content=\"article\" \/>\n<meta property=\"og:title\" content=\"About - PERFEKTIVE\" \/>\n<meta property=\"og:description\" content=\"T\u00fcrkg\u00fcven, i\u015f sa\u011fl\u0131\u011f\u0131 ve g\u00fcvenli\u011fi alan\u0131na odaklanm\u0131\u015f bir teknoloji firmas\u0131d\u0131r. Firmalar\u0131n ihtiya\u00e7 duyduklar\u0131 gerekli teknolojik deste\u011fi sa\u011flar.\" \/>\n<meta property=\"og:url\" content=\"https:\/\/www.turkguven.com\/en\/hakkimizda\/\" \/>\n<meta property=\"og:site_name\" content=\"PERFEKTIVE\" \/>\n<meta property=\"article:publisher\" content=\"https:\/\/www.facebook.com\/turkguvenisg\/\" \/>\n<meta property=\"article:modified_time\" content=\"2020-07-10T11:22:49+00:00\" \/>\n<meta name=\"twitter:card\" content=\"summary_large_image\" \/>\n<meta name=\"twitter:site\" content=\"@TurkguvenA\" \/>\n<meta name=\"twitter:label1\" content=\"Est. reading time\" \/>\n\t<meta name=\"twitter:data1\" content=\"12 minutes\" \/>\n<script type=\"application\/ld+json\" class=\"yoast-schema-graph\">{\"@context\":\"https:\/\/schema.org\",\"@graph\":[{\"@type\":\"Organization\",\"@id\":\"https:\/\/www.turkguven.com\/#organization\",\"name\":\"T\\u00dcRKG\\u00dcVEN\",\"url\":\"https:\/\/www.turkguven.com\/\",\"sameAs\":[\"https:\/\/www.facebook.com\/turkguvenisg\/\",\"https:\/\/www.instagram.com\/turkguvenas\/\",\"https:\/\/www.linkedin.com\/company\/t\\u00fcrkg\\u00fcven-yaz\\u0131l\\u0131m-teknolojileri\/\",\"https:\/\/www.youtube.com\/c\/T\\u00fcrkg\\u00fcvenYaz\\u0131l\\u0131mTeknolojileriA\\u015e\",\"https:\/\/twitter.com\/TurkguvenA\"],\"logo\":{\"@type\":\"ImageObject\",\"@id\":\"https:\/\/www.turkguven.com\/#logo\",\"inLanguage\":\"en-US\",\"url\":\"https:\/\/www.turkguven.com\/wp-content\/uploads\/2020\/01\/tgicon.png\",\"contentUrl\":\"https:\/\/www.turkguven.com\/wp-content\/uploads\/2020\/01\/tgicon.png\",\"width\":128,\"height\":128,\"caption\":\"T\\u00dcRKG\\u00dcVEN\"},\"image\":{\"@id\":\"https:\/\/www.turkguven.com\/#logo\"}},{\"@type\":\"WebSite\",\"@id\":\"https:\/\/www.turkguven.com\/#website\",\"url\":\"https:\/\/www.turkguven.com\/\",\"name\":\"T\\u00dcRKG\\u00dcVEN\",\"description\":\"Occupational Health and Safety Software\",\"publisher\":{\"@id\":\"https:\/\/www.turkguven.com\/#organization\"},\"potentialAction\":[{\"@type\":\"SearchAction\",\"target\":{\"@type\":\"EntryPoint\",\"urlTemplate\":\"https:\/\/www.turkguven.com\/?s={search_term_string}\"},\"query-input\":\"required name=search_term_string\"}],\"inLanguage\":\"en-US\"},{\"@type\":\"WebPage\",\"@id\":\"https:\/\/www.turkguven.com\/en\/hakkimizda\/#webpage\",\"url\":\"https:\/\/www.turkguven.com\/en\/hakkimizda\/\",\"name\":\"[:tr]Hakk\\u0131m\\u0131zda[:en]About[:] - PERFEKTIVE\",\"isPartOf\":{\"@id\":\"https:\/\/www.turkguven.com\/#website\"},\"datePublished\":\"2020-02-22T15:04:38+00:00\",\"dateModified\":\"2020-07-10T11:22:49+00:00\",\"description\":\"T\\u00fcrkg\\u00fcven, i\\u015f sa\\u011fl\\u0131\\u011f\\u0131 ve g\\u00fcvenli\\u011fi alan\\u0131na odaklanm\\u0131\\u015f bir teknoloji firmas\\u0131d\\u0131r. Firmalar\\u0131n ihtiya\\u00e7 duyduklar\\u0131 gerekli teknolojik deste\\u011fi sa\\u011flar.\",\"breadcrumb\":{\"@id\":\"https:\/\/www.turkguven.com\/en\/hakkimizda\/#breadcrumb\"},\"inLanguage\":\"en-US\",\"potentialAction\":[{\"@type\":\"ReadAction\",\"target\":[\"https:\/\/www.turkguven.com\/en\/hakkimizda\/\"]}]},{\"@type\":\"BreadcrumbList\",\"@id\":\"https:\/\/www.turkguven.com\/en\/hakkimizda\/#breadcrumb\",\"itemListElement\":[{\"@type\":\"ListItem\",\"position\":1,\"name\":\"Home\",\"item\":\"https:\/\/www.turkguven.com\/\"},{\"@type\":\"ListItem\",\"position\":2,\"name\":\"About\"}]}]}<\/script>\n<!-- \/ Yoast SEO plugin. -->","yoast_head_json":{"title":"About - PERFEKTIVE","description":"T\u00fcrkg\u00fcven, i\u015f sa\u011fl\u0131\u011f\u0131 ve g\u00fcvenli\u011fi alan\u0131na odaklanm\u0131\u015f bir teknoloji firmas\u0131d\u0131r. Firmalar\u0131n ihtiya\u00e7 duyduklar\u0131 gerekli teknolojik deste\u011fi sa\u011flar.","robots":{"index":"index","follow":"follow","max-snippet":"max-snippet:-1","max-image-preview":"max-image-preview:large","max-video-preview":"max-video-preview:-1"},"canonical":"https:\/\/www.turkguven.com\/en\/hakkimizda\/","og_locale":"en_US","og_type":"article","og_title":"About - PERFEKTIVE","og_description":"T\u00fcrkg\u00fcven, i\u015f sa\u011fl\u0131\u011f\u0131 ve g\u00fcvenli\u011fi alan\u0131na odaklanm\u0131\u015f bir teknoloji firmas\u0131d\u0131r. Firmalar\u0131n ihtiya\u00e7 duyduklar\u0131 gerekli teknolojik deste\u011fi sa\u011flar.","og_url":"https:\/\/www.turkguven.com\/en\/hakkimizda\/","og_site_name":"PERFEKTIVE","article_publisher":"https:\/\/www.facebook.com\/turkguvenisg\/","article_modified_time":"2020-07-10T11:22:49+00:00","twitter_card":"summary_large_image","twitter_site":"@TurkguvenA","twitter_misc":{"Est. reading time":"12 minutes"},"schema":{"@context":"https:\/\/schema.org","@graph":[{"@type":"Organization","@id":"https:\/\/www.turkguven.com\/#organization","name":"T\u00dcRKG\u00dcVEN","url":"https:\/\/www.turkguven.com\/","sameAs":["https:\/\/www.facebook.com\/turkguvenisg\/","https:\/\/www.instagram.com\/turkguvenas\/","https:\/\/www.linkedin.com\/company\/t\u00fcrkg\u00fcven-yaz\u0131l\u0131m-teknolojileri\/","https:\/\/www.youtube.com\/c\/T\u00fcrkg\u00fcvenYaz\u0131l\u0131mTeknolojileriA\u015e","https:\/\/twitter.com\/TurkguvenA"],"logo":{"@type":"ImageObject","@id":"https:\/\/www.turkguven.com\/#logo","inLanguage":"en-US","url":"https:\/\/www.turkguven.com\/wp-content\/uploads\/2020\/01\/tgicon.png","contentUrl":"https:\/\/www.turkguven.com\/wp-content\/uploads\/2020\/01\/tgicon.png","width":128,"height":128,"caption":"T\u00dcRKG\u00dcVEN"},"image":{"@id":"https:\/\/www.turkguven.com\/#logo"}},{"@type":"WebSite","@id":"https:\/\/www.turkguven.com\/#website","url":"https:\/\/www.turkguven.com\/","name":"T\u00dcRKG\u00dcVEN","description":"Occupational Health and Safety Software","publisher":{"@id":"https:\/\/www.turkguven.com\/#organization"},"potentialAction":[{"@type":"SearchAction","target":{"@type":"EntryPoint","urlTemplate":"https:\/\/www.turkguven.com\/?s={search_term_string}"},"query-input":"required name=search_term_string"}],"inLanguage":"en-US"},{"@type":"WebPage","@id":"https:\/\/www.turkguven.com\/en\/hakkimizda\/#webpage","url":"https:\/\/www.turkguven.com\/en\/hakkimizda\/","name":"[:tr]Hakk\u0131m\u0131zda[:en]About[:] - PERFEKTIVE","isPartOf":{"@id":"https:\/\/www.turkguven.com\/#website"},"datePublished":"2020-02-22T15:04:38+00:00","dateModified":"2020-07-10T11:22:49+00:00","description":"T\u00fcrkg\u00fcven, i\u015f sa\u011fl\u0131\u011f\u0131 ve g\u00fcvenli\u011fi alan\u0131na odaklanm\u0131\u015f bir teknoloji firmas\u0131d\u0131r. Firmalar\u0131n ihtiya\u00e7 duyduklar\u0131 gerekli teknolojik deste\u011fi sa\u011flar.","breadcrumb":{"@id":"https:\/\/www.turkguven.com\/en\/hakkimizda\/#breadcrumb"},"inLanguage":"en-US","potentialAction":[{"@type":"ReadAction","target":["https:\/\/www.turkguven.com\/en\/hakkimizda\/"]}]},{"@type":"BreadcrumbList","@id":"https:\/\/www.turkguven.com\/en\/hakkimizda\/#breadcrumb","itemListElement":[{"@type":"ListItem","position":1,"name":"Home","item":"https:\/\/www.turkguven.com\/"},{"@type":"ListItem","position":2,"name":"About"}]}]}},"_links":{"self":[{"href":"https:\/\/www.turkguven.com\/en\/wp-json\/wp\/v2\/pages\/237"}],"collection":[{"href":"https:\/\/www.turkguven.com\/en\/wp-json\/wp\/v2\/pages"}],"about":[{"href":"https:\/\/www.turkguven.com\/en\/wp-json\/wp\/v2\/types\/page"}],"author":[{"embeddable":true,"href":"https:\/\/www.turkguven.com\/en\/wp-json\/wp\/v2\/users\/1"}],"replies":[{"embeddable":true,"href":"https:\/\/www.turkguven.com\/en\/wp-json\/wp\/v2\/comments?post=237"}],"version-history":[{"count":14,"href":"https:\/\/www.turkguven.com\/en\/wp-json\/wp\/v2\/pages\/237\/revisions"}],"predecessor-version":[{"id":668,"href":"https:\/\/www.turkguven.com\/en\/wp-json\/wp\/v2\/pages\/237\/revisions\/668"}],"wp:attachment":[{"href":"https:\/\/www.turkguven.com\/en\/wp-json\/wp\/v2\/media?parent=237"}],"curies":[{"name":"wp","href":"https:\/\/api.w.org\/{rel}","templated":true}]}}