{"id":268,"date":"2020-02-23T04:16:28","date_gmt":"2020-02-23T04:16:28","guid":{"rendered":"https:\/\/cyhn.net\/demo\/turkguven\/?page_id=268"},"modified":"2020-07-09T17:26:19","modified_gmt":"2020-07-09T14:26:19","slug":"iletisim","status":"publish","type":"page","link":"https:\/\/www.turkguven.com\/en\/iletisim\/","title":{"rendered":"Contact"},"content":{"rendered":"<p>[vc_section full_width=&#8221;stretch_row&#8221; full_height=&#8221;yes&#8221; css=&#8221;.vc_custom_1584210441651{margin-top: 0px !important;margin-right: 0px !important;margin-bottom: 0px !important;margin-left: 0px !important;border-top-width: 0px !important;border-right-width: 0px !important;border-bottom-width: 0px !important;border-left-width: 0px !important;padding-top: 0px !important;padding-bottom: 0px !important;background-image: url(https:\/\/www.turkguven.com\/wp-content\/uploads\/2020\/03\/safety-harness-absorbing-lanyard-QA5YLBR-1.jpg?id=339) !important;background-position: center !important;background-repeat: no-repeat !important;background-size: cover !important;}&#8221;][vc_row full_width=&#8221;stretch_row&#8221; full_height=&#8221;yes&#8221; content_placement=&#8221;middle&#8221; css=&#8221;.vc_custom_1580751240679{margin-top: 0px !important;margin-right: 0px !important;margin-bottom: 0px !important;margin-left: 0px !important;padding-top: 0px !important;padding-bottom: 0px !important;background-image: url(https:\/\/www.turkguven.com\/wp-content\/uploads\/2020\/02\/overlay.png?id=164) !important;background-position: center !important;background-repeat: no-repeat !important;background-size: cover !important;}&#8221;][vc_column css=&#8221;.vc_custom_1580775177176{margin-top: 0px !important;margin-right: 0px !important;margin-bottom: 0px !important;margin-left: 0px !important;border-top-width: 0px !important;border-right-width: 0px !important;border-bottom-width: 0px !important;border-left-width: 0px !important;padding-top: 80px !important;padding-right: 0px !important;padding-bottom: 0px !important;padding-left: 0px !important;}&#8221; offset=&#8221;vc_hidden-sm vc_hidden-xs&#8221;][\/vc_column][vc_column css=&#8221;.vc_custom_1582431459171{margin-top: 0px !important;margin-right: 0px !important;margin-bottom: 0px !important;margin-left: 0px !important;padding-top: 0px !important;padding-right: 0px !important;padding-bottom: 0px !important;padding-left: 0px !important;}&#8221; offset=&#8221;vc_col-lg-offset-0 vc_col-lg-12 vc_col-md-offset-0 vc_col-md-12 vc_col-sm-offset-0 vc_col-xs-12&#8243; el_class=&#8221;text_center&#8221;][vc_custom_heading text=&#8221;Contact&#8221; font_container=&#8221;tag:h2|font_size:32px|text_align:center|color:%23ffffff|line_height:1.3&#8243; use_theme_fonts=&#8221;yes&#8221; letter_spacing=&#8221;1&#8243; custom_font_weight=&#8221;600&#8243; css=&#8221;.vc_custom_1592571721330{margin-top: 0px !important;margin-right: 0px !important;margin-bottom: 0px !important;margin-left: 0px !important;padding-top: 0px !important;padding-right: 0px !important;padding-bottom: 0px !important;padding-left: 0px !important;}&#8221;][vc_custom_heading text=&#8221;Please fill in the form below to contact us.&#8221; font_container=&#8221;tag:p|font_size:20px|text_align:center|color:%23ffffff|line_height:1.4&#8243; use_theme_fonts=&#8221;yes&#8221; letter_spacing=&#8221;1&#8243; css=&#8221;.vc_custom_1592571744465{margin-top: 20px !important;margin-right: 0px !important;margin-bottom: 20px !important;margin-left: 0px !important;padding-top: 0px !important;padding-right: 0px !important;padding-bottom: 0px !important;padding-left: 0px !important;}&#8221;][vc_btn title=&#8221;Directions&#8221; style=&#8221;outline-custom&#8221; outline_custom_color=&#8221;#ffffff&#8221; outline_custom_hover_background=&#8221;#ee2514&#8243; outline_custom_hover_text=&#8221;#ffffff&#8221; i_icon_fontawesome=&#8221;fas fa-location-arrow&#8221; add_icon=&#8221;true&#8221; link=&#8221;url:https%3A%2F%2Fwww.google.com%2Fmaps%2Fembed%3Fpb%3D!1m18!1m12!1m3!1d3011.8704250925416!2d28.89272471577916!3d40.98431807930322!2m3!1f0!2f0!3f0!3m2!1i1024!2i768!4f13.1!3m3!1m2!1s0x14cab5a8fec04d1d%253A0x4f5bd42238d315ac!2zVMO8cmtnw7x2ZW4gWWF6xLFsxLFtIFRla25vbG9qaWxlcmkgQS7Fni4!5e0!3m2!1str!2str!4v1582431939479!5m2!1str!2str||target:%20_blank|&#8221; css=&#8221;.vc_custom_1592571765091{margin-top: 5px !important;margin-right: 5px !important;margin-bottom: 5px !important;margin-left: 0px !important;padding-top: 0px !important;padding-right: 0px !important;padding-bottom: 0px !important;padding-left: 0px !important;}&#8221;][vc_btn title=&#8221;Call Us&#8221; style=&#8221;outline-custom&#8221; outline_custom_color=&#8221;#ffffff&#8221; outline_custom_hover_background=&#8221;#ee2514&#8243; outline_custom_hover_text=&#8221;#ffffff&#8221; i_icon_fontawesome=&#8221;fas fa-phone-alt&#8221; add_icon=&#8221;true&#8221; link=&#8221;url:tel%3A%2B908503045683|||&#8221; css=&#8221;.vc_custom_1592571780207{margin-top: 5px !important;margin-right: 5px !important;margin-bottom: 5px !important;margin-left: 15px !important;padding-top: 0px !important;padding-right: 0px !important;padding-bottom: 0px !important;padding-left: 0px !important;}&#8221;][vc_custom_heading text=&#8221;Contact Information&#8221; font_container=&#8221;tag:div|font_size:14px|text_align:center|color:%23ffffff|line_height:1.3&#8243; use_theme_fonts=&#8221;yes&#8221; letter_spacing=&#8221;1&#8243; custom_font_weight=&#8221;600&#8243; css=&#8221;.vc_custom_1592571791990{margin-top: 50px !important;margin-right: 0px !important;margin-bottom: -20px !important;margin-left: 0px !important;padding-top: 0px !important;padding-right: 0px !important;padding-bottom: 0px !important;padding-left: 0px !important;}&#8221; link=&#8221;url:%23scroll-banner-section|||&#8221;][vc_icon type=&#8221;material&#8221; icon_material=&#8221;vc-material vc-material-keyboard_arrow_down&#8221; color=&#8221;white&#8221; size=&#8221;sm&#8221; align=&#8221;center&#8221; link=&#8221;url:%23scroll-banner-section|||&#8221; css=&#8221;.vc_custom_1582431580642{margin-top: 0px !important;margin-right: 0px !important;margin-bottom: 0px !important;margin-left: 0px !important;padding-top: 0px !important;padding-right: 0px !important;padding-bottom: 0px !important;padding-left: 0px !important;}&#8221;][\/vc_column][\/vc_row][\/vc_section][vc_section full_width=&#8221;stretch_row&#8221; css=&#8221;.vc_custom_1582431886061{margin-top: 0px !important;margin-right: 0px !important;margin-bottom: 0px !important;margin-left: 0px !important;padding-top: 0px !important;padding-bottom: 0px !important;}&#8221; el_id=&#8221;scroll-banner-section&#8221;][vc_row full_width=&#8221;stretch_row&#8221; equal_height=&#8221;yes&#8221; content_placement=&#8221;middle&#8221; css=&#8221;.vc_custom_1582431907476{margin-top: 0px !important;margin-right: 0px !important;margin-bottom: 0px !important;margin-left: 0px !important;padding-top: 80px !important;padding-bottom: 80px !important;background-color: #ffffff !important;}&#8221;][vc_column width=&#8221;1\/3&#8243; css=&#8221;.vc_custom_1582431873753{margin: 0px !important;padding: 5% !important;}&#8221; offset=&#8221;vc_col-lg-6 vc_col-md-6 vc_hidden-xs&#8221;]<div role=\"form\" class=\"wpcf7\" id=\"wpcf7-f16-o2\" lang=\"tr-TR\" dir=\"ltr\">\n<div class=\"screen-reader-response\"><p role=\"status\" aria-live=\"polite\" aria-atomic=\"true\"><\/p> <ul><\/ul><\/div>\n<form action=\"\/en\/wp-json\/wp\/v2\/pages\/268#wpcf7-f16-o2\" method=\"post\" class=\"wpcf7-form init\" novalidate=\"novalidate\" data-status=\"init\">\n<div style=\"display: none;\">\n<input type=\"hidden\" name=\"_wpcf7\" value=\"16\" \/>\n<input type=\"hidden\" name=\"_wpcf7_version\" value=\"5.5.2\" \/>\n<input type=\"hidden\" name=\"_wpcf7_locale\" value=\"tr_TR\" \/>\n<input type=\"hidden\" name=\"_wpcf7_unit_tag\" value=\"wpcf7-f16-o2\" \/>\n<input type=\"hidden\" name=\"_wpcf7_container_post\" value=\"0\" \/>\n<input type=\"hidden\" name=\"_wpcf7_posted_data_hash\" value=\"\" \/>\n<\/div>\n<p><label><span class=\"wpcf7-form-control-wrap your-name\"><input type=\"text\" name=\"your-name\" value=\"\" size=\"40\" class=\"wpcf7-form-control wpcf7-text wpcf7-validates-as-required\" aria-required=\"true\" aria-invalid=\"false\" placeholder=\"Ad\u0131n\u0131z Soyad\u0131n\u0131z (*)\" \/><\/span><\/label><\/p>\n<p><label><span class=\"wpcf7-form-control-wrap your-email\"><input type=\"email\" name=\"your-email\" value=\"\" size=\"40\" class=\"wpcf7-form-control wpcf7-text wpcf7-email wpcf7-validates-as-required wpcf7-validates-as-email\" aria-required=\"true\" aria-invalid=\"false\" placeholder=\"E-Posta Adresiniz (*)\" \/><\/span><\/label><\/p>\n<p><label><span class=\"wpcf7-form-control-wrap your-company\"><input type=\"text\" name=\"your-company\" value=\"\" size=\"40\" class=\"wpcf7-form-control wpcf7-text wpcf7-validates-as-required\" aria-required=\"true\" aria-invalid=\"false\" placeholder=\"Firman\u0131z\u0131n Ad\u0131 (*)\" \/><\/span><\/label><\/p>\n<p><label><\/label><\/p>\n<p><label><span class=\"wpcf7-form-control-wrap your-message\"><textarea name=\"your-message\" cols=\"40\" rows=\"10\" class=\"wpcf7-form-control wpcf7-textarea\" aria-invalid=\"false\" placeholder=\"Mesaj\u0131n\u0131z\"><\/textarea><\/span><\/label><\/p>\n<p><input type=\"submit\" value=\"G\u00f6nder\" class=\"wpcf7-form-control has-spinner wpcf7-submit\" \/><\/p>\n<p style=\"display: none !important;\"><label>&#916;<textarea name=\"_wpcf7_ak_hp_textarea\" cols=\"45\" rows=\"8\" maxlength=\"100\"><\/textarea><\/label><input type=\"hidden\" id=\"ak_js\" name=\"_wpcf7_ak_js\" value=\"138\"\/><script>document.getElementById( \"ak_js\" ).setAttribute( \"value\", ( new Date() ).getTime() );<\/script><\/p><div class=\"wpcf7-response-output\" aria-hidden=\"true\"><\/div><\/form><\/div>[\/vc_column][vc_column width=&#8221;2\/3&#8243; css=&#8221;.vc_custom_1582431867715{margin: 0px !important;padding: 5% !important;}&#8221; offset=&#8221;vc_col-lg-6 vc_col-md-6&#8243;][aone_features icon_position=&#8221;next-to-feature&#8221; text_align=&#8221;left&#8221; features_per_row_desktop=&#8221;1&#8243; features_per_row_tablet=&#8221;1&#8243; fixed_column_width=&#8221;&#8221; enable_separator=&#8221;&#8221; heading_color_hover=&#8221;#000000&#8243; heading_font_size=&#8221;16&#8243; heading_line_height=&#8221;24&#8243; heading_letter_spacing=&#8221;1&#8243; heading_font_weight=&#8221;400&#8243; text_color=&#8221;#000000&#8243; text_line_height=&#8221;20&#8243; text_letter_spacing=&#8221;1&#8243; text_font_weight=&#8221;400&#8243; link_color=&#8221;#dd3333&#8243; link_font_weight=&#8221;400&#8243; icon_color=&#8221;#dd3333&#8243; icon_color_hover=&#8221;#dd3333&#8243; icon_use_wrap=&#8221;&#8221; list_content=&#8221;%5B%7B%22icon_type%22%3A%22linecons%22%2C%22icon_openiconic%22%3A%22vc-oi%20vc-oi-dial%22%2C%22icon_typicons%22%3A%22typcn%20typcn-adjust-brightness%22%2C%22icon_entypo%22%3A%22entypo-icon%20entypo-icon-note%22%2C%22icon_linecons%22%3A%22vc_li%20vc_li-location%22%2C%22feature_title%22%3A%22Address%22%2C%22feature_text%22%3A%22T%C3%BCrkG%C3%BCven%20Yaz%C4%B1l%C4%B1m%20Teknolojileri%20A.%C5%9E.%5CnRe%C5%9Fitpa%C5%9Fa%20Mah.%20Katar%20Cad.%5CnTeknokent%20ARI%204%20Binas%C4%B1%5CnNo%3A%202%20%2F%2050%20%2F%206%20PK%3A%2034467%5CnSar%C4%B1yer%20%2F%20%C4%B0STANBUL%22%2C%22link_text%22%3A%22Directions%22%2C%22link%22%3A%22url%3Ahttps%253A%252F%252Fwww.google.com%252Fmaps%252Fdir%252F%252FT%2525C3%2525BCrkg%2525C3%2525BCven%252BYaz%2525C4%2525B1l%2525C4%2525B1m%252BTeknolojileri%252BA.%2525C5%25259E.%252C%252BRe%2525C5%25259Fitpa%2525C5%25259Fa%252BMahallesi%252BTeknokent%252BA.R.I%252B4%252BBinas%2525C4%2525B1%252C%252BKatar%252BCd%252B50%252B%25252F%252B6%252BD%253ANo%253A%252B2%252C%252B34467%252BSar%2525C4%2525B1yer%25252F%2525C4%2525B0stanbul%252F%254040.9843181%252C28.8927247%252C17z%252Fdata%253D!4m16!1m6!3m5!1s0x14cab5a8fec04d1d%253A0x4f5bd42238d315ac!2zVMO8cmtnw7x2ZW4gWWF6xLFsxLFtIFRla25vbG9qaWxlcmkgQS7Fni4!8m2!3d40.9843181!4d28.8949134!4m8!1m0!1m5!1m1!1s0x14cab5a8fec04d1d%253A0x4f5bd42238d315ac!2m2!1d28.8949134!2d40.9843181!3e2%7C%7Ctarget%3A%2520_blank%7C%22%7D%2C%7B%22icon_type%22%3A%22linecons%22%2C%22icon_openiconic%22%3A%22vc-oi%20vc-oi-dial%22%2C%22icon_typicons%22%3A%22typcn%20typcn-adjust-brightness%22%2C%22icon_entypo%22%3A%22entypo-icon%20entypo-icon-note%22%2C%22icon_linecons%22%3A%22vc_li%20vc_li-phone%22%2C%22feature_title%22%3A%22Phone%20number%22%2C%22feature_text%22%3A%22%2B90%20850%20304%205683%20%22%2C%22link_text%22%3A%22Call%20Us%22%2C%22link%22%3A%22url%3Atel%253A%252B908503045683%2520%7C%7C%7C%22%7D%2C%7B%22icon_type%22%3A%22linecons%22%2C%22icon_openiconic%22%3A%22vc-oi%20vc-oi-dial%22%2C%22icon_typicons%22%3A%22typcn%20typcn-adjust-brightness%22%2C%22icon_entypo%22%3A%22entypo-icon%20entypo-icon-note%22%2C%22icon_linecons%22%3A%22vc_li%20vc_li-mail%22%2C%22feature_title%22%3A%22E-Mail%22%2C%22feature_text%22%3A%22info%40turkguven.com%22%2C%22link_text%22%3A%22Contact%20Us%22%2C%22link%22%3A%22url%3Amailto%253Ainfo%2540turkguven.com%7C%7C%7C%22%7D%5D&#8221; css=&#8221;.vc_custom_1592572063875{margin-top: 0px !important;margin-right: 0px !important;margin-bottom: 0px !important;margin-left: 0px !important;padding-top: 0px !important;padding-right: 0px !important;padding-bottom: 0px !important;padding-left: 0px !important;}&#8221;][\/vc_column][\/vc_row][\/vc_section][vc_section full_width=&#8221;stretch_row_content&#8221; css=&#8221;.vc_custom_1582431918924{margin: 0px !important;padding: 0px !important;border: 0px initial !important;}&#8221;][vc_row full_width=&#8221;stretch_row_content_no_spaces&#8221; css=&#8221;.vc_custom_1582431928522{margin: 0px !important;padding: 0px !important;border: 0px initial !important;}&#8221;][vc_column css=&#8221;.vc_custom_1582431934077{margin: 0px !important;padding: 0px !important;border: 0px initial !important;}&#8221;][vc_raw_html css=&#8221;.vc_custom_1582431982473{margin-top: 0px !important;margin-right: 0px !important;margin-bottom: -5px !important;margin-left: 0px !important;padding-top: 0px !important;padding-right: 0px !important;padding-bottom: 0px !important;padding-left: 0px !important;}&#8221;]JTNDaWZyYW1lJTIwc3JjJTNEJTIyaHR0cHMlM0ElMkYlMkZ3d3cuZ29vZ2xlLmNvbSUyRm1hcHMlMkZlbWJlZCUzRnBiJTNEJTIxMW0xOCUyMTFtMTIlMjExbTMlMjExZDMwMTEuODcwNDI1MDkyNTQxNiUyMTJkMjguODkyNzI0NzE1Nzc5MTYlMjEzZDQwLjk4NDMxODA3OTMwMzIyJTIxMm0zJTIxMWYwJTIxMmYwJTIxM2YwJTIxM20yJTIxMWkxMDI0JTIxMmk3NjglMjE0ZjEzLjElMjEzbTMlMjExbTIlMjExczB4MTRjYWI1YThmZWMwNGQxZCUyNTNBMHg0ZjViZDQyMjM4ZDMxNWFjJTIxMnpWTU84Y210bnc3eDJaVzRnV1dGNnhMRnN4TEZ0SUZSbGEyNXZiRzlxYVd4bGNta2dRUzdGbmk0JTIxNWUwJTIxM20yJTIxMXN0ciUyMTJzdHIlMjE0djE1ODI0MzE5Mzk0NzklMjE1bTIlMjExc3RyJTIxMnN0ciUyMiUyMHdpZHRoJTNEJTIyMTAwJTI1JTIyJTIwaGVpZ2h0JTNEJTIyNDUwJTIyJTIwZnJhbWVib3JkZXIlM0QlMjIwJTIyJTIwc3R5bGUlM0QlMjJib3JkZXIlM0EwJTNCJTIyJTIwYWxsb3dmdWxsc2NyZWVuJTNEJTIyJTIyJTNFJTNDJTJGaWZyYW1lJTNF[\/vc_raw_html][\/vc_column][\/vc_row][\/vc_section]<\/p>","protected":false},"excerpt":{"rendered":"<p>[vc_section full_width=&#8221;stretch_row&#8221; full_height=&#8221;yes&#8221; css=&#8221;.vc_custom_1584210441651{margin-top: 0px !important;margin-right: 0px !important;margin-bottom: 0px !important;margin-left: 0px !important;border-top-width: 0px !important;border-right-width: 0px !important;border-bottom-width: 0px !important;border-left-width: 0px !important;padding-top: 0px !important;padding-bottom: 0px !important;background-image: url(https:\/\/www.turkguven.com\/wp-content\/uploads\/2020\/03\/safety-harness-absorbing-lanyard-QA5YLBR-1.jpg?id=339) !important;background-position: center !important;background-repeat: no-repeat !important;background-size: cover !important;}&#8221;][vc_row full_width=&#8221;stretch_row&#8221; full_height=&#8221;yes&#8221; content_placement=&#8221;middle&#8221; css=&#8221;.vc_custom_1580751240679{margin-top: 0px !important;margin-right: 0px !important;margin-bottom: 0px !important;margin-left: 0px !important;padding-top: 0px !important;padding-bottom: 0px !important;background-image: url(https:\/\/www.turkguven.com\/wp-content\/uploads\/2020\/02\/overlay.png?id=164) !important;background-position: center !important;background-repeat: no-repeat !important;background-size: cover [&hellip;]<\/p>\n","protected":false},"author":1,"featured_media":0,"parent":0,"menu_order":0,"comment_status":"closed","ping_status":"closed","template":"template-homepage.php","meta":[],"yoast_head":"<!-- This site is optimized with the Yoast SEO plugin v17.6 - https:\/\/yoast.com\/wordpress\/plugins\/seo\/ -->\n<title>Contact - PERFEKTIVE<\/title>\n<meta name=\"description\" content=\"\u0130\u015f sa\u011fl\u0131\u011f\u0131 ve g\u00fcvenli\u011fi yaz\u0131l\u0131m \u00e7\u00f6z\u00fcmlerimiz hakk\u0131nda bilgi almak i\u00e7in telefon, e-posta ve ileti\u015fim formunu doldurarak bizimle ileti\u015fime ge\u00e7ebilirsiniz.\" \/>\n<meta name=\"robots\" content=\"index, follow, max-snippet:-1, max-image-preview:large, max-video-preview:-1\" \/>\n<link rel=\"canonical\" href=\"https:\/\/www.turkguven.com\/iletisim\/\" \/>\n<meta property=\"og:locale\" content=\"en_US\" \/>\n<meta property=\"og:type\" content=\"article\" \/>\n<meta property=\"og:title\" content=\"Contact - PERFEKTIVE\" \/>\n<meta property=\"og:description\" content=\"\u0130\u015f sa\u011fl\u0131\u011f\u0131 ve g\u00fcvenli\u011fi yaz\u0131l\u0131m \u00e7\u00f6z\u00fcmlerimiz hakk\u0131nda bilgi almak i\u00e7in telefon, e-posta ve ileti\u015fim formunu doldurarak bizimle ileti\u015fime ge\u00e7ebilirsiniz.\" \/>\n<meta property=\"og:url\" content=\"https:\/\/www.turkguven.com\/iletisim\/\" \/>\n<meta property=\"og:site_name\" content=\"PERFEKTIVE\" \/>\n<meta property=\"article:publisher\" content=\"https:\/\/www.facebook.com\/turkguvenisg\/\" \/>\n<meta property=\"article:modified_time\" content=\"2020-07-09T14:26:19+00:00\" \/>\n<meta name=\"twitter:card\" content=\"summary_large_image\" \/>\n<meta name=\"twitter:site\" content=\"@TurkguvenA\" \/>\n<meta name=\"twitter:label1\" content=\"Est. reading time\" \/>\n\t<meta name=\"twitter:data1\" content=\"13 minutes\" \/>\n<script type=\"application\/ld+json\" class=\"yoast-schema-graph\">{\"@context\":\"https:\/\/schema.org\",\"@graph\":[{\"@type\":\"Organization\",\"@id\":\"https:\/\/www.turkguven.com\/#organization\",\"name\":\"T\\u00dcRKG\\u00dcVEN\",\"url\":\"https:\/\/www.turkguven.com\/\",\"sameAs\":[\"https:\/\/www.facebook.com\/turkguvenisg\/\",\"https:\/\/www.instagram.com\/turkguvenas\/\",\"https:\/\/www.linkedin.com\/company\/t\\u00fcrkg\\u00fcven-yaz\\u0131l\\u0131m-teknolojileri\/\",\"https:\/\/www.youtube.com\/c\/T\\u00fcrkg\\u00fcvenYaz\\u0131l\\u0131mTeknolojileriA\\u015e\",\"https:\/\/twitter.com\/TurkguvenA\"],\"logo\":{\"@type\":\"ImageObject\",\"@id\":\"https:\/\/www.turkguven.com\/#logo\",\"inLanguage\":\"en-US\",\"url\":\"https:\/\/www.turkguven.com\/wp-content\/uploads\/2020\/01\/tgicon.png\",\"contentUrl\":\"https:\/\/www.turkguven.com\/wp-content\/uploads\/2020\/01\/tgicon.png\",\"width\":128,\"height\":128,\"caption\":\"T\\u00dcRKG\\u00dcVEN\"},\"image\":{\"@id\":\"https:\/\/www.turkguven.com\/#logo\"}},{\"@type\":\"WebSite\",\"@id\":\"https:\/\/www.turkguven.com\/#website\",\"url\":\"https:\/\/www.turkguven.com\/\",\"name\":\"T\\u00dcRKG\\u00dcVEN\",\"description\":\"Occupational Health and Safety Software\",\"publisher\":{\"@id\":\"https:\/\/www.turkguven.com\/#organization\"},\"potentialAction\":[{\"@type\":\"SearchAction\",\"target\":{\"@type\":\"EntryPoint\",\"urlTemplate\":\"https:\/\/www.turkguven.com\/?s={search_term_string}\"},\"query-input\":\"required name=search_term_string\"}],\"inLanguage\":\"en-US\"},{\"@type\":\"WebPage\",\"@id\":\"https:\/\/www.turkguven.com\/iletisim\/#webpage\",\"url\":\"https:\/\/www.turkguven.com\/iletisim\/\",\"name\":\"[:tr]\\u0130leti\\u015fim[:en]Contact[:] - PERFEKTIVE\",\"isPartOf\":{\"@id\":\"https:\/\/www.turkguven.com\/#website\"},\"datePublished\":\"2020-02-23T04:16:28+00:00\",\"dateModified\":\"2020-07-09T14:26:19+00:00\",\"description\":\"\\u0130\\u015f sa\\u011fl\\u0131\\u011f\\u0131 ve g\\u00fcvenli\\u011fi yaz\\u0131l\\u0131m \\u00e7\\u00f6z\\u00fcmlerimiz hakk\\u0131nda bilgi almak i\\u00e7in telefon, e-posta ve ileti\\u015fim formunu doldurarak bizimle ileti\\u015fime ge\\u00e7ebilirsiniz.\",\"breadcrumb\":{\"@id\":\"https:\/\/www.turkguven.com\/iletisim\/#breadcrumb\"},\"inLanguage\":\"en-US\",\"potentialAction\":[{\"@type\":\"ReadAction\",\"target\":[\"https:\/\/www.turkguven.com\/iletisim\/\"]}]},{\"@type\":\"BreadcrumbList\",\"@id\":\"https:\/\/www.turkguven.com\/iletisim\/#breadcrumb\",\"itemListElement\":[{\"@type\":\"ListItem\",\"position\":1,\"name\":\"Home\",\"item\":\"https:\/\/www.turkguven.com\/\"},{\"@type\":\"ListItem\",\"position\":2,\"name\":\"\\u0130leti\\u015fim\"}]}]}<\/script>\n<!-- \/ Yoast SEO plugin. -->","yoast_head_json":{"title":"Contact - PERFEKTIVE","description":"\u0130\u015f sa\u011fl\u0131\u011f\u0131 ve g\u00fcvenli\u011fi yaz\u0131l\u0131m \u00e7\u00f6z\u00fcmlerimiz hakk\u0131nda bilgi almak i\u00e7in telefon, e-posta ve ileti\u015fim formunu doldurarak bizimle ileti\u015fime ge\u00e7ebilirsiniz.","robots":{"index":"index","follow":"follow","max-snippet":"max-snippet:-1","max-image-preview":"max-image-preview:large","max-video-preview":"max-video-preview:-1"},"canonical":"https:\/\/www.turkguven.com\/iletisim\/","og_locale":"en_US","og_type":"article","og_title":"Contact - PERFEKTIVE","og_description":"\u0130\u015f sa\u011fl\u0131\u011f\u0131 ve g\u00fcvenli\u011fi yaz\u0131l\u0131m \u00e7\u00f6z\u00fcmlerimiz hakk\u0131nda bilgi almak i\u00e7in telefon, e-posta ve ileti\u015fim formunu doldurarak bizimle ileti\u015fime ge\u00e7ebilirsiniz.","og_url":"https:\/\/www.turkguven.com\/iletisim\/","og_site_name":"PERFEKTIVE","article_publisher":"https:\/\/www.facebook.com\/turkguvenisg\/","article_modified_time":"2020-07-09T14:26:19+00:00","twitter_card":"summary_large_image","twitter_site":"@TurkguvenA","twitter_misc":{"Est. reading time":"13 minutes"},"schema":{"@context":"https:\/\/schema.org","@graph":[{"@type":"Organization","@id":"https:\/\/www.turkguven.com\/#organization","name":"T\u00dcRKG\u00dcVEN","url":"https:\/\/www.turkguven.com\/","sameAs":["https:\/\/www.facebook.com\/turkguvenisg\/","https:\/\/www.instagram.com\/turkguvenas\/","https:\/\/www.linkedin.com\/company\/t\u00fcrkg\u00fcven-yaz\u0131l\u0131m-teknolojileri\/","https:\/\/www.youtube.com\/c\/T\u00fcrkg\u00fcvenYaz\u0131l\u0131mTeknolojileriA\u015e","https:\/\/twitter.com\/TurkguvenA"],"logo":{"@type":"ImageObject","@id":"https:\/\/www.turkguven.com\/#logo","inLanguage":"en-US","url":"https:\/\/www.turkguven.com\/wp-content\/uploads\/2020\/01\/tgicon.png","contentUrl":"https:\/\/www.turkguven.com\/wp-content\/uploads\/2020\/01\/tgicon.png","width":128,"height":128,"caption":"T\u00dcRKG\u00dcVEN"},"image":{"@id":"https:\/\/www.turkguven.com\/#logo"}},{"@type":"WebSite","@id":"https:\/\/www.turkguven.com\/#website","url":"https:\/\/www.turkguven.com\/","name":"T\u00dcRKG\u00dcVEN","description":"Occupational Health and Safety Software","publisher":{"@id":"https:\/\/www.turkguven.com\/#organization"},"potentialAction":[{"@type":"SearchAction","target":{"@type":"EntryPoint","urlTemplate":"https:\/\/www.turkguven.com\/?s={search_term_string}"},"query-input":"required name=search_term_string"}],"inLanguage":"en-US"},{"@type":"WebPage","@id":"https:\/\/www.turkguven.com\/iletisim\/#webpage","url":"https:\/\/www.turkguven.com\/iletisim\/","name":"[:tr]\u0130leti\u015fim[:en]Contact[:] - PERFEKTIVE","isPartOf":{"@id":"https:\/\/www.turkguven.com\/#website"},"datePublished":"2020-02-23T04:16:28+00:00","dateModified":"2020-07-09T14:26:19+00:00","description":"\u0130\u015f sa\u011fl\u0131\u011f\u0131 ve g\u00fcvenli\u011fi yaz\u0131l\u0131m \u00e7\u00f6z\u00fcmlerimiz hakk\u0131nda bilgi almak i\u00e7in telefon, e-posta ve ileti\u015fim formunu doldurarak bizimle ileti\u015fime ge\u00e7ebilirsiniz.","breadcrumb":{"@id":"https:\/\/www.turkguven.com\/iletisim\/#breadcrumb"},"inLanguage":"en-US","potentialAction":[{"@type":"ReadAction","target":["https:\/\/www.turkguven.com\/iletisim\/"]}]},{"@type":"BreadcrumbList","@id":"https:\/\/www.turkguven.com\/iletisim\/#breadcrumb","itemListElement":[{"@type":"ListItem","position":1,"name":"Home","item":"https:\/\/www.turkguven.com\/"},{"@type":"ListItem","position":2,"name":"\u0130leti\u015fim"}]}]}},"_links":{"self":[{"href":"https:\/\/www.turkguven.com\/en\/wp-json\/wp\/v2\/pages\/268"}],"collection":[{"href":"https:\/\/www.turkguven.com\/en\/wp-json\/wp\/v2\/pages"}],"about":[{"href":"https:\/\/www.turkguven.com\/en\/wp-json\/wp\/v2\/types\/page"}],"author":[{"embeddable":true,"href":"https:\/\/www.turkguven.com\/en\/wp-json\/wp\/v2\/users\/1"}],"replies":[{"embeddable":true,"href":"https:\/\/www.turkguven.com\/en\/wp-json\/wp\/v2\/comments?post=268"}],"version-history":[{"count":7,"href":"https:\/\/www.turkguven.com\/en\/wp-json\/wp\/v2\/pages\/268\/revisions"}],"predecessor-version":[{"id":593,"href":"https:\/\/www.turkguven.com\/en\/wp-json\/wp\/v2\/pages\/268\/revisions\/593"}],"wp:attachment":[{"href":"https:\/\/www.turkguven.com\/en\/wp-json\/wp\/v2\/media?parent=268"}],"curies":[{"name":"wp","href":"https:\/\/api.w.org\/{rel}","templated":true}]}}