{"id":324,"date":"2020-02-26T08:12:41","date_gmt":"2020-02-26T08:12:41","guid":{"rendered":"https:\/\/cyhn.net\/demo\/turkguven\/?page_id=324"},"modified":"2020-07-07T17:25:30","modified_gmt":"2020-07-07T14:25:30","slug":"musteri-basari-hikayeleri","status":"publish","type":"page","link":"https:\/\/www.turkguven.com\/en\/musteri-basari-hikayeleri\/","title":{"rendered":"Customer Success Stories"},"content":{"rendered":"<p>[vc_section full_width=&#8221;stretch_row&#8221; full_height=&#8221;yes&#8221; css=&#8221;.vc_custom_1584210622236{margin-top: 0px !important;margin-right: 0px !important;margin-bottom: 0px !important;margin-left: 0px !important;border-top-width: 0px !important;border-right-width: 0px !important;border-bottom-width: 0px !important;border-left-width: 0px !important;padding-top: 0px !important;padding-bottom: 0px !important;background-image: url(https:\/\/www.turkguven.com\/wp-content\/uploads\/2020\/03\/happy-young-waitress-working-with-orders-of-XNWERSY.jpg?id=342) !important;background-position: center !important;background-repeat: no-repeat !important;background-size: cover !important;}&#8221;][vc_row full_width=&#8221;stretch_row&#8221; full_height=&#8221;yes&#8221; content_placement=&#8221;middle&#8221; css=&#8221;.vc_custom_1580751240679{margin-top: 0px !important;margin-right: 0px !important;margin-bottom: 0px !important;margin-left: 0px !important;padding-top: 0px !important;padding-bottom: 0px !important;background-image: url(https:\/\/www.turkguven.com\/wp-content\/uploads\/2020\/02\/overlay.png?id=164) !important;background-position: center !important;background-repeat: no-repeat !important;background-size: cover !important;}&#8221;][vc_column css=&#8221;.vc_custom_1580775177176{margin-top: 0px !important;margin-right: 0px !important;margin-bottom: 0px !important;margin-left: 0px !important;border-top-width: 0px !important;border-right-width: 0px !important;border-bottom-width: 0px !important;border-left-width: 0px !important;padding-top: 80px !important;padding-right: 0px !important;padding-bottom: 0px !important;padding-left: 0px !important;}&#8221; offset=&#8221;vc_hidden-sm vc_hidden-xs&#8221;][\/vc_column][vc_column css=&#8221;.vc_custom_1582431459171{margin-top: 0px !important;margin-right: 0px !important;margin-bottom: 0px !important;margin-left: 0px !important;padding-top: 0px !important;padding-right: 0px !important;padding-bottom: 0px !important;padding-left: 0px !important;}&#8221; offset=&#8221;vc_col-lg-offset-0 vc_col-lg-12 vc_col-md-offset-0 vc_col-md-12 vc_col-sm-offset-0 vc_col-xs-12&#8243; el_class=&#8221;text_center&#8221;][vc_custom_heading text=&#8221;Customer Success Stories&#8221; font_container=&#8221;tag:h2|font_size:32px|text_align:center|color:%23ffffff|line_height:1.3&#8243; use_theme_fonts=&#8221;yes&#8221; letter_spacing=&#8221;1&#8243; custom_font_weight=&#8221;600&#8243; css=&#8221;.vc_custom_1593071079606{margin-top: 0px !important;margin-right: 0px !important;margin-bottom: 0px !important;margin-left: 0px !important;padding-top: 0px !important;padding-right: 0px !important;padding-bottom: 0px !important;padding-left: 0px !important;}&#8221;][vc_custom_heading text=&#8221;Companies that we succeeded together&#8221; font_container=&#8221;tag:p|font_size:20px|text_align:center|color:%23ffffff|line_height:1.4&#8243; use_theme_fonts=&#8221;yes&#8221; letter_spacing=&#8221;1&#8243; css=&#8221;.vc_custom_1593071166824{margin-top: 20px !important;margin-right: 0px !important;margin-bottom: 20px !important;margin-left: 0px !important;padding-top: 0px !important;padding-right: 0px !important;padding-bottom: 0px !important;padding-left: 0px !important;}&#8221;][\/vc_column][\/vc_row][\/vc_section][vc_section full_width=&#8221;stretch_row&#8221; css=&#8221;.vc_custom_1582432613769{margin-top: 0px !important;margin-right: 0px !important;margin-bottom: 0px !important;margin-left: 0px !important;padding-top: 80px !important;padding-bottom: 80px !important;background-color: #ffffff !important;}&#8221; el_id=&#8221;scroll-banner-section&#8221; el_class=&#8221;egitim_videolari&#8221;][vc_row full_width=&#8221;stretch_row&#8221; css=&#8221;.vc_custom_1582432765808{margin-top: 0px !important;margin-right: 0px !important;margin-bottom: 0px !important;margin-left: 0px !important;border-top-width: 0px !important;border-right-width: 0px !important;border-bottom-width: 0px !important;border-left-width: 0px !important;padding-top: 0px !important;padding-bottom: 0px !important;}&#8221;][vc_column css=&#8221;.vc_custom_1582432771870{margin: 0px !important;padding: 0px !important;border: 0px initial !important;}&#8221;][vc_basic_grid post_type=&#8221;post&#8221; max_items=&#8221;-1&#8243; style=&#8221;load-more&#8221; items_per_page=&#8221;6&#8243; item=&#8221;204&#8243; btn_title=&#8221;Daha Fazla&#8221; btn_style=&#8221;outline-custom&#8221; btn_outline_custom_color=&#8221;#dd3333&#8243; btn_outline_custom_hover_background=&#8221;#dd3333&#8243; btn_outline_custom_hover_text=&#8221;#ffffff&#8221; btn_align=&#8221;center&#8221; grid_id=&#8221;vc_gid:1594131879190-509dbf25-9f98-7&#8243; taxonomies=&#8221;11&#8243; css=&#8221;.vc_custom_1594131927191{margin-top: 0px !important;margin-right: 0px !important;margin-bottom: 0px !important;margin-left: 0px !important;padding-top: 0px !important;padding-right: 0px !important;padding-bottom: 0px !important;padding-left: 0px !important;}&#8221; el_class=&#8221;justify&#8221;][\/vc_column][\/vc_row][\/vc_section]<\/p>","protected":false},"excerpt":{"rendered":"<p>[vc_section full_width=&#8221;stretch_row&#8221; full_height=&#8221;yes&#8221; css=&#8221;.vc_custom_1584210622236{margin-top: 0px !important;margin-right: 0px !important;margin-bottom: 0px !important;margin-left: 0px !important;border-top-width: 0px !important;border-right-width: 0px !important;border-bottom-width: 0px !important;border-left-width: 0px !important;padding-top: 0px !important;padding-bottom: 0px !important;background-image: url(https:\/\/www.turkguven.com\/wp-content\/uploads\/2020\/03\/happy-young-waitress-working-with-orders-of-XNWERSY.jpg?id=342) !important;background-position: center !important;background-repeat: no-repeat !important;background-size: cover !important;}&#8221;][vc_row full_width=&#8221;stretch_row&#8221; full_height=&#8221;yes&#8221; content_placement=&#8221;middle&#8221; css=&#8221;.vc_custom_1580751240679{margin-top: 0px !important;margin-right: 0px !important;margin-bottom: 0px !important;margin-left: 0px !important;padding-top: 0px !important;padding-bottom: 0px !important;background-image: url(https:\/\/www.turkguven.com\/wp-content\/uploads\/2020\/02\/overlay.png?id=164) !important;background-position: center !important;background-repeat: no-repeat !important;background-size: cover [&hellip;]<\/p>\n","protected":false},"author":1,"featured_media":0,"parent":0,"menu_order":0,"comment_status":"closed","ping_status":"closed","template":"template-homepage.php","meta":[],"yoast_head":"<!-- This site is optimized with the Yoast SEO plugin v17.6 - https:\/\/yoast.com\/wordpress\/plugins\/seo\/ -->\n<title>Customer Success Stories - PERFEKTIVE<\/title>\n<meta name=\"robots\" content=\"index, follow, max-snippet:-1, max-image-preview:large, max-video-preview:-1\" \/>\n<link rel=\"canonical\" href=\"https:\/\/www.turkguven.com\/en\/musteri-basari-hikayeleri\/\" \/>\n<meta property=\"og:locale\" content=\"en_US\" \/>\n<meta property=\"og:type\" content=\"article\" \/>\n<meta property=\"og:title\" content=\"Customer Success Stories - PERFEKTIVE\" \/>\n<meta property=\"og:description\" content=\"[vc_section full_width=&#8221;stretch_row&#8221; full_height=&#8221;yes&#8221; css=&#8221;.vc_custom_1584210622236{margin-top: 0px !important;margin-right: 0px !important;margin-bottom: 0px !important;margin-left: 0px !important;border-top-width: 0px !important;border-right-width: 0px !important;border-bottom-width: 0px !important;border-left-width: 0px !important;padding-top: 0px !important;padding-bottom: 0px !important;background-image: url(https:\/\/www.turkguven.com\/wp-content\/uploads\/2020\/03\/happy-young-waitress-working-with-orders-of-XNWERSY.jpg?id=342) !important;background-position: center !important;background-repeat: no-repeat !important;background-size: cover !important;}&#8221;][vc_row full_width=&#8221;stretch_row&#8221; full_height=&#8221;yes&#8221; content_placement=&#8221;middle&#8221; css=&#8221;.vc_custom_1580751240679{margin-top: 0px !important;margin-right: 0px !important;margin-bottom: 0px !important;margin-left: 0px !important;padding-top: 0px !important;padding-bottom: 0px !important;background-image: url(https:\/\/www.turkguven.com\/wp-content\/uploads\/2020\/02\/overlay.png?id=164) !important;background-position: center !important;background-repeat: no-repeat !important;background-size: cover [&hellip;]\" \/>\n<meta property=\"og:url\" content=\"https:\/\/www.turkguven.com\/en\/musteri-basari-hikayeleri\/\" \/>\n<meta property=\"og:site_name\" content=\"PERFEKTIVE\" \/>\n<meta property=\"article:publisher\" content=\"https:\/\/www.facebook.com\/turkguvenisg\/\" \/>\n<meta property=\"article:modified_time\" content=\"2020-07-07T14:25:30+00:00\" \/>\n<meta name=\"twitter:card\" content=\"summary_large_image\" \/>\n<meta name=\"twitter:site\" content=\"@TurkguvenA\" \/>\n<meta name=\"twitter:label1\" content=\"Est. reading time\" \/>\n\t<meta name=\"twitter:data1\" content=\"5 minutes\" \/>\n<script type=\"application\/ld+json\" class=\"yoast-schema-graph\">{\"@context\":\"https:\/\/schema.org\",\"@graph\":[{\"@type\":\"Organization\",\"@id\":\"https:\/\/www.turkguven.com\/#organization\",\"name\":\"T\\u00dcRKG\\u00dcVEN\",\"url\":\"https:\/\/www.turkguven.com\/\",\"sameAs\":[\"https:\/\/www.facebook.com\/turkguvenisg\/\",\"https:\/\/www.instagram.com\/turkguvenas\/\",\"https:\/\/www.linkedin.com\/company\/t\\u00fcrkg\\u00fcven-yaz\\u0131l\\u0131m-teknolojileri\/\",\"https:\/\/www.youtube.com\/c\/T\\u00fcrkg\\u00fcvenYaz\\u0131l\\u0131mTeknolojileriA\\u015e\",\"https:\/\/twitter.com\/TurkguvenA\"],\"logo\":{\"@type\":\"ImageObject\",\"@id\":\"https:\/\/www.turkguven.com\/#logo\",\"inLanguage\":\"en-US\",\"url\":\"https:\/\/www.turkguven.com\/wp-content\/uploads\/2020\/01\/tgicon.png\",\"contentUrl\":\"https:\/\/www.turkguven.com\/wp-content\/uploads\/2020\/01\/tgicon.png\",\"width\":128,\"height\":128,\"caption\":\"T\\u00dcRKG\\u00dcVEN\"},\"image\":{\"@id\":\"https:\/\/www.turkguven.com\/#logo\"}},{\"@type\":\"WebSite\",\"@id\":\"https:\/\/www.turkguven.com\/#website\",\"url\":\"https:\/\/www.turkguven.com\/\",\"name\":\"T\\u00dcRKG\\u00dcVEN\",\"description\":\"Occupational Health and Safety Software\",\"publisher\":{\"@id\":\"https:\/\/www.turkguven.com\/#organization\"},\"potentialAction\":[{\"@type\":\"SearchAction\",\"target\":{\"@type\":\"EntryPoint\",\"urlTemplate\":\"https:\/\/www.turkguven.com\/?s={search_term_string}\"},\"query-input\":\"required name=search_term_string\"}],\"inLanguage\":\"en-US\"},{\"@type\":\"WebPage\",\"@id\":\"https:\/\/www.turkguven.com\/en\/musteri-basari-hikayeleri\/#webpage\",\"url\":\"https:\/\/www.turkguven.com\/en\/musteri-basari-hikayeleri\/\",\"name\":\"[:tr]M\\u00fc\\u015fteri Ba\\u015far\\u0131 Hikayeleri[:en]Customer Success Stories[:] - PERFEKTIVE\",\"isPartOf\":{\"@id\":\"https:\/\/www.turkguven.com\/#website\"},\"datePublished\":\"2020-02-26T08:12:41+00:00\",\"dateModified\":\"2020-07-07T14:25:30+00:00\",\"breadcrumb\":{\"@id\":\"https:\/\/www.turkguven.com\/en\/musteri-basari-hikayeleri\/#breadcrumb\"},\"inLanguage\":\"en-US\",\"potentialAction\":[{\"@type\":\"ReadAction\",\"target\":[\"https:\/\/www.turkguven.com\/en\/musteri-basari-hikayeleri\/\"]}]},{\"@type\":\"BreadcrumbList\",\"@id\":\"https:\/\/www.turkguven.com\/en\/musteri-basari-hikayeleri\/#breadcrumb\",\"itemListElement\":[{\"@type\":\"ListItem\",\"position\":1,\"name\":\"Home\",\"item\":\"https:\/\/www.turkguven.com\/\"},{\"@type\":\"ListItem\",\"position\":2,\"name\":\"Customer Success Stories\"}]}]}<\/script>\n<!-- \/ Yoast SEO plugin. -->","yoast_head_json":{"title":"Customer Success Stories - PERFEKTIVE","robots":{"index":"index","follow":"follow","max-snippet":"max-snippet:-1","max-image-preview":"max-image-preview:large","max-video-preview":"max-video-preview:-1"},"canonical":"https:\/\/www.turkguven.com\/en\/musteri-basari-hikayeleri\/","og_locale":"en_US","og_type":"article","og_title":"Customer Success Stories - PERFEKTIVE","og_description":"[vc_section full_width=&#8221;stretch_row&#8221; full_height=&#8221;yes&#8221; css=&#8221;.vc_custom_1584210622236{margin-top: 0px !important;margin-right: 0px !important;margin-bottom: 0px !important;margin-left: 0px !important;border-top-width: 0px !important;border-right-width: 0px !important;border-bottom-width: 0px !important;border-left-width: 0px !important;padding-top: 0px !important;padding-bottom: 0px !important;background-image: url(https:\/\/www.turkguven.com\/wp-content\/uploads\/2020\/03\/happy-young-waitress-working-with-orders-of-XNWERSY.jpg?id=342) !important;background-position: center !important;background-repeat: no-repeat !important;background-size: cover !important;}&#8221;][vc_row full_width=&#8221;stretch_row&#8221; full_height=&#8221;yes&#8221; content_placement=&#8221;middle&#8221; css=&#8221;.vc_custom_1580751240679{margin-top: 0px !important;margin-right: 0px !important;margin-bottom: 0px !important;margin-left: 0px !important;padding-top: 0px !important;padding-bottom: 0px !important;background-image: url(https:\/\/www.turkguven.com\/wp-content\/uploads\/2020\/02\/overlay.png?id=164) !important;background-position: center !important;background-repeat: no-repeat !important;background-size: cover [&hellip;]","og_url":"https:\/\/www.turkguven.com\/en\/musteri-basari-hikayeleri\/","og_site_name":"PERFEKTIVE","article_publisher":"https:\/\/www.facebook.com\/turkguvenisg\/","article_modified_time":"2020-07-07T14:25:30+00:00","twitter_card":"summary_large_image","twitter_site":"@TurkguvenA","twitter_misc":{"Est. reading time":"5 minutes"},"schema":{"@context":"https:\/\/schema.org","@graph":[{"@type":"Organization","@id":"https:\/\/www.turkguven.com\/#organization","name":"T\u00dcRKG\u00dcVEN","url":"https:\/\/www.turkguven.com\/","sameAs":["https:\/\/www.facebook.com\/turkguvenisg\/","https:\/\/www.instagram.com\/turkguvenas\/","https:\/\/www.linkedin.com\/company\/t\u00fcrkg\u00fcven-yaz\u0131l\u0131m-teknolojileri\/","https:\/\/www.youtube.com\/c\/T\u00fcrkg\u00fcvenYaz\u0131l\u0131mTeknolojileriA\u015e","https:\/\/twitter.com\/TurkguvenA"],"logo":{"@type":"ImageObject","@id":"https:\/\/www.turkguven.com\/#logo","inLanguage":"en-US","url":"https:\/\/www.turkguven.com\/wp-content\/uploads\/2020\/01\/tgicon.png","contentUrl":"https:\/\/www.turkguven.com\/wp-content\/uploads\/2020\/01\/tgicon.png","width":128,"height":128,"caption":"T\u00dcRKG\u00dcVEN"},"image":{"@id":"https:\/\/www.turkguven.com\/#logo"}},{"@type":"WebSite","@id":"https:\/\/www.turkguven.com\/#website","url":"https:\/\/www.turkguven.com\/","name":"T\u00dcRKG\u00dcVEN","description":"Occupational Health and Safety Software","publisher":{"@id":"https:\/\/www.turkguven.com\/#organization"},"potentialAction":[{"@type":"SearchAction","target":{"@type":"EntryPoint","urlTemplate":"https:\/\/www.turkguven.com\/?s={search_term_string}"},"query-input":"required name=search_term_string"}],"inLanguage":"en-US"},{"@type":"WebPage","@id":"https:\/\/www.turkguven.com\/en\/musteri-basari-hikayeleri\/#webpage","url":"https:\/\/www.turkguven.com\/en\/musteri-basari-hikayeleri\/","name":"[:tr]M\u00fc\u015fteri Ba\u015far\u0131 Hikayeleri[:en]Customer Success Stories[:] - PERFEKTIVE","isPartOf":{"@id":"https:\/\/www.turkguven.com\/#website"},"datePublished":"2020-02-26T08:12:41+00:00","dateModified":"2020-07-07T14:25:30+00:00","breadcrumb":{"@id":"https:\/\/www.turkguven.com\/en\/musteri-basari-hikayeleri\/#breadcrumb"},"inLanguage":"en-US","potentialAction":[{"@type":"ReadAction","target":["https:\/\/www.turkguven.com\/en\/musteri-basari-hikayeleri\/"]}]},{"@type":"BreadcrumbList","@id":"https:\/\/www.turkguven.com\/en\/musteri-basari-hikayeleri\/#breadcrumb","itemListElement":[{"@type":"ListItem","position":1,"name":"Home","item":"https:\/\/www.turkguven.com\/"},{"@type":"ListItem","position":2,"name":"Customer Success Stories"}]}]}},"_links":{"self":[{"href":"https:\/\/www.turkguven.com\/en\/wp-json\/wp\/v2\/pages\/324"}],"collection":[{"href":"https:\/\/www.turkguven.com\/en\/wp-json\/wp\/v2\/pages"}],"about":[{"href":"https:\/\/www.turkguven.com\/en\/wp-json\/wp\/v2\/types\/page"}],"author":[{"embeddable":true,"href":"https:\/\/www.turkguven.com\/en\/wp-json\/wp\/v2\/users\/1"}],"replies":[{"embeddable":true,"href":"https:\/\/www.turkguven.com\/en\/wp-json\/wp\/v2\/comments?post=324"}],"version-history":[{"count":5,"href":"https:\/\/www.turkguven.com\/en\/wp-json\/wp\/v2\/pages\/324\/revisions"}],"predecessor-version":[{"id":674,"href":"https:\/\/www.turkguven.com\/en\/wp-json\/wp\/v2\/pages\/324\/revisions\/674"}],"wp:attachment":[{"href":"https:\/\/www.turkguven.com\/en\/wp-json\/wp\/v2\/media?parent=324"}],"curies":[{"name":"wp","href":"https:\/\/api.w.org\/{rel}","templated":true}]}}